{"id":329,"date":"2025-09-18T22:27:48","date_gmt":"2025-09-18T22:27:48","guid":{"rendered":"https:\/\/bartaenergetika.com\/?page_id=329"},"modified":"2025-09-24T08:59:33","modified_gmt":"2025-09-24T08:59:33","slug":"referenciak","status":"publish","type":"page","link":"https:\/\/bartaenergetika.com\/en\/referenciak\/","title":{"rendered":"Referenci\u00e1k"},"content":{"rendered":"<div data-elementor-type=\"wp-page\" data-elementor-id=\"329\" class=\"elementor elementor-329\" data-elementor-post-type=\"page\">\n\t\t\t\t<div class=\"elementor-element elementor-element-2506c9f1 e-flex e-con-boxed e-con e-parent\" data-id=\"2506c9f1\" data-element_type=\"container\" data-e-type=\"container\" data-settings=\"{&quot;background_background&quot;:&quot;classic&quot;}\">\n\t\t\t\t\t<div class=\"e-con-inner\">\n\t\t<div class=\"elementor-element elementor-element-6f401b95 e-flex e-con-boxed e-con e-child\" data-id=\"6f401b95\" data-element_type=\"container\" data-e-type=\"container\">\n\t\t\t\t\t<div class=\"e-con-inner\">\n\t\t\t\t<div class=\"elementor-element elementor-element-165e63d9 elementor-invisible elementor-widget elementor-widget-heading\" data-id=\"165e63d9\" data-element_type=\"widget\" data-e-type=\"widget\" data-settings=\"{&quot;_animation&quot;:&quot;fadeInUp&quot;,&quot;_animation_delay&quot;:200}\" data-widget_type=\"heading.default\">\n\t\t\t\t<div class=\"elementor-widget-container\">\n\t\t\t\t\t<h1 class=\"elementor-heading-title elementor-size-default\">Referenci\u00e1k<\/h1>\t\t\t\t<\/div>\n\t\t\t\t<\/div>\n\t\t\t\t\t<\/div>\n\t\t\t\t<\/div>\n\t\t\t\t\t<\/div>\n\t\t\t\t<\/div>\n\t\t<div class=\"elementor-element elementor-element-b8621dd elementor-hidden-desktop elementor-hidden-tablet elementor-hidden-mobile e-flex e-con-boxed e-con e-parent\" data-id=\"b8621dd\" data-element_type=\"container\" data-e-type=\"container\">\n\t\t\t\t\t<div class=\"e-con-inner\">\n\t\t\t\t<div class=\"elementor-element elementor-element-4b1b6c6 elementor-grid-3 elementor-grid-tablet-2 elementor-grid-mobile-1 elementor-posts--thumbnail-top elementor-widget elementor-widget-posts\" data-id=\"4b1b6c6\" data-element_type=\"widget\" data-e-type=\"widget\" data-settings=\"{&quot;classic_columns&quot;:&quot;3&quot;,&quot;classic_columns_tablet&quot;:&quot;2&quot;,&quot;classic_columns_mobile&quot;:&quot;1&quot;,&quot;classic_row_gap&quot;:{&quot;unit&quot;:&quot;px&quot;,&quot;size&quot;:35,&quot;sizes&quot;:[]},&quot;classic_row_gap_tablet&quot;:{&quot;unit&quot;:&quot;px&quot;,&quot;size&quot;:&quot;&quot;,&quot;sizes&quot;:[]},&quot;classic_row_gap_mobile&quot;:{&quot;unit&quot;:&quot;px&quot;,&quot;size&quot;:&quot;&quot;,&quot;sizes&quot;:[]}}\" data-widget_type=\"posts.classic\">\n\t\t\t\t<div class=\"elementor-widget-container\">\n\t\t\t\t\t\t\t<div class=\"elementor-posts-container elementor-posts elementor-posts--skin-classic elementor-grid\" role=\"list\">\n\t\t\t\t<article class=\"elementor-post elementor-grid-item post-478 post type-post status-publish format-standard has-post-thumbnail hentry category-uncategorized\" role=\"listitem\">\n\t\t\t\t<a class=\"elementor-post__thumbnail__link\" href=\"https:\/\/bartaenergetika.com\/en\/demo2-fenntarthato-energiamegoldasok-a-jovoert-copy\/\" tabindex=\"-1\" >\n\t\t\t<div class=\"elementor-post__thumbnail\"><img fetchpriority=\"high\" decoding=\"async\" width=\"300\" height=\"200\" src=\"https:\/\/bartaenergetika.com\/wp-content\/uploads\/2025\/08\/solar-panel-installer-installing-solar-panels-on-roof-of-warehouse-300x200.jpg\" class=\"attachment-medium size-medium wp-image-79\" alt=\"\" srcset=\"https:\/\/bartaenergetika.com\/wp-content\/uploads\/2025\/08\/solar-panel-installer-installing-solar-panels-on-roof-of-warehouse-300x200.jpg 300w, https:\/\/bartaenergetika.com\/wp-content\/uploads\/2025\/08\/solar-panel-installer-installing-solar-panels-on-roof-of-warehouse-1024x683.jpg 1024w, https:\/\/bartaenergetika.com\/wp-content\/uploads\/2025\/08\/solar-panel-installer-installing-solar-panels-on-roof-of-warehouse-768x512.jpg 768w, https:\/\/bartaenergetika.com\/wp-content\/uploads\/2025\/08\/solar-panel-installer-installing-solar-panels-on-roof-of-warehouse-1536x1024.jpg 1536w, https:\/\/bartaenergetika.com\/wp-content\/uploads\/2025\/08\/solar-panel-installer-installing-solar-panels-on-roof-of-warehouse-2048x1365.jpg 2048w\" sizes=\"(max-width: 300px) 100vw, 300px\" \/><\/div>\n\t\t<\/a>\n\t\t\t\t<div class=\"elementor-post__text\">\n\t\t\t\t<h3 class=\"elementor-post__title\">\n\t\t\t<a href=\"https:\/\/bartaenergetika.com\/en\/demo2-fenntarthato-energiamegoldasok-a-jovoert-copy\/\" >\n\t\t\t\t\u00daJ C\u00cdM Fenntarthat\u00f3 energiamegold\u00e1sok a j\u00f6v\u0151\u00e9rt &#8211; Copy\t\t\t<\/a>\n\t\t<\/h3>\n\t\t\t\t<div class=\"elementor-post__meta-data\">\n\t\t\t\t\t<span class=\"elementor-post-date\">\n\t\t\tSeptember 20, 2025\t\t<\/span>\n\t\t\t\t<\/div>\n\t\t\t\t<div class=\"elementor-post__excerpt\">\n\t\t\t<p>A mai vil\u00e1gban az energiahat\u00e9konys\u00e1g \u00e9s a fenntarthat\u00f3s\u00e1g egyre fontosabb szerepet j\u00e1tszik mind a mag\u00e1nszem\u00e9lyek, mind a v\u00e1llalkoz\u00e1sok \u00e9let\u00e9ben. C\u00e9g\u00fcnk, a Barta Energetika Kft., elk\u00f6telezett abban, hogy \u00fcgyfelei sz\u00e1m\u00e1ra innovat\u00edv \u00e9s k\u00f6rnyezetbar\u00e1t energiat\u00e1rol\u00e1si megold\u00e1sokat k\u00edn\u00e1ljon, amelyek hossz\u00fa t\u00e1von is fenntarthat\u00f3ak<\/p>\n\t\t<\/div>\n\t\t\t\t<\/div>\n\t\t\t\t<\/article>\n\t\t\t\t<article class=\"elementor-post elementor-grid-item post-348 post type-post status-publish format-standard has-post-thumbnail hentry category-uncategorized\" role=\"listitem\">\n\t\t\t\t<a class=\"elementor-post__thumbnail__link\" href=\"https:\/\/bartaenergetika.com\/en\/teszt-bejegyzes\/\" tabindex=\"-1\" >\n\t\t\t<div class=\"elementor-post__thumbnail\"><img decoding=\"async\" width=\"300\" height=\"200\" src=\"https:\/\/bartaenergetika.com\/wp-content\/uploads\/2025\/08\/alternative-energy-ecological-concept-e1696032458127-300x200.jpg\" class=\"attachment-medium size-medium wp-image-87\" alt=\"\" srcset=\"https:\/\/bartaenergetika.com\/wp-content\/uploads\/2025\/08\/alternative-energy-ecological-concept-e1696032458127-300x200.jpg 300w, https:\/\/bartaenergetika.com\/wp-content\/uploads\/2025\/08\/alternative-energy-ecological-concept-e1696032458127-1024x682.jpg 1024w, https:\/\/bartaenergetika.com\/wp-content\/uploads\/2025\/08\/alternative-energy-ecological-concept-e1696032458127-768x512.jpg 768w, https:\/\/bartaenergetika.com\/wp-content\/uploads\/2025\/08\/alternative-energy-ecological-concept-e1696032458127.jpg 1280w\" sizes=\"(max-width: 300px) 100vw, 300px\" \/><\/div>\n\t\t<\/a>\n\t\t\t\t<div class=\"elementor-post__text\">\n\t\t\t\t<h3 class=\"elementor-post__title\">\n\t\t\t<a href=\"https:\/\/bartaenergetika.com\/en\/teszt-bejegyzes\/\" >\n\t\t\t\t(Demo3) Fenntarthat\u00f3 energiamegold\u00e1sok a j\u00f6v\u0151\u00e9rt\t\t\t<\/a>\n\t\t<\/h3>\n\t\t\t\t<div class=\"elementor-post__meta-data\">\n\t\t\t\t\t<span class=\"elementor-post-date\">\n\t\t\tSeptember 18, 2025\t\t<\/span>\n\t\t\t\t<\/div>\n\t\t\t\t<div class=\"elementor-post__excerpt\">\n\t\t\t<p>A mai vil\u00e1gban az energiahat\u00e9konys\u00e1g \u00e9s a fenntarthat\u00f3s\u00e1g egyre fontosabb szerepet j\u00e1tszik mind a mag\u00e1nszem\u00e9lyek, mind a v\u00e1llalkoz\u00e1sok \u00e9let\u00e9ben. C\u00e9g\u00fcnk, a Barta Energetika Kft., elk\u00f6telezett abban, hogy \u00fcgyfelei sz\u00e1m\u00e1ra innovat\u00edv \u00e9s k\u00f6rnyezetbar\u00e1t energiat\u00e1rol\u00e1si megold\u00e1sokat k\u00edn\u00e1ljon, amelyek hossz\u00fa t\u00e1von is fenntarthat\u00f3ak<\/p>\n\t\t<\/div>\n\t\t\t\t<\/div>\n\t\t\t\t<\/article>\n\t\t\t\t<\/div>\n\t\t\n\t\t\t\t\t\t<\/div>\n\t\t\t\t<\/div>\n\t\t\t\t\t<\/div>\n\t\t\t\t<\/div>\n\t\t\t\t<\/div>","protected":false},"excerpt":{"rendered":"<p>Referenci\u00e1k<\/p>","protected":false},"author":1,"featured_media":0,"parent":0,"menu_order":0,"comment_status":"closed","ping_status":"closed","template":"elementor_header_footer","meta":{"footnotes":""},"class_list":["post-329","page","type-page","status-publish","hentry"],"yoast_head":"<!-- This site is optimized with the Yoast SEO plugin v27.3 - https:\/\/yoast.com\/product\/yoast-seo-wordpress\/ -->\n<title>Referenci\u00e1k - Barta Energetika<\/title>\n<meta name=\"robots\" content=\"noindex, follow, max-snippet:-1, max-image-preview:large, max-video-preview:-1\" \/>\n<meta property=\"og:locale\" content=\"en_GB\" \/>\n<meta property=\"og:type\" content=\"article\" \/>\n<meta property=\"og:title\" content=\"Referenci\u00e1k - Barta Energetika\" \/>\n<meta property=\"og:description\" content=\"Referenci\u00e1k\" \/>\n<meta property=\"og:url\" content=\"https:\/\/bartaenergetika.com\/en\/referenciak\/\" \/>\n<meta property=\"og:site_name\" content=\"Barta Energetika\" \/>\n<meta property=\"article:modified_time\" content=\"2025-09-24T08:59:33+00:00\" \/>\n<meta name=\"twitter:card\" content=\"summary_large_image\" \/>\n<meta name=\"twitter:label1\" content=\"Estimated reading time\" \/>\n\t<meta name=\"twitter:data1\" content=\"2 minutes\" \/>\n<script type=\"application\/ld+json\" class=\"yoast-schema-graph\">{\"@context\":\"https:\\\/\\\/schema.org\",\"@graph\":[{\"@type\":\"WebPage\",\"@id\":\"https:\\\/\\\/bartaenergetika.com\\\/referenciak\\\/\",\"url\":\"https:\\\/\\\/bartaenergetika.com\\\/referenciak\\\/\",\"name\":\"Referenci\u00e1k - Barta Energetika\",\"isPartOf\":{\"@id\":\"https:\\\/\\\/bartaenergetika.com\\\/#website\"},\"datePublished\":\"2025-09-18T22:27:48+00:00\",\"dateModified\":\"2025-09-24T08:59:33+00:00\",\"breadcrumb\":{\"@id\":\"https:\\\/\\\/bartaenergetika.com\\\/referenciak\\\/#breadcrumb\"},\"inLanguage\":\"en-GB\",\"potentialAction\":[{\"@type\":\"ReadAction\",\"target\":[\"https:\\\/\\\/bartaenergetika.com\\\/referenciak\\\/\"]}]},{\"@type\":\"BreadcrumbList\",\"@id\":\"https:\\\/\\\/bartaenergetika.com\\\/referenciak\\\/#breadcrumb\",\"itemListElement\":[{\"@type\":\"ListItem\",\"position\":1,\"name\":\"Home\",\"item\":\"https:\\\/\\\/bartaenergetika.com\\\/\"},{\"@type\":\"ListItem\",\"position\":2,\"name\":\"Referenci\u00e1k\"}]},{\"@type\":\"WebSite\",\"@id\":\"https:\\\/\\\/bartaenergetika.com\\\/#website\",\"url\":\"https:\\\/\\\/bartaenergetika.com\\\/\",\"name\":\"Barta Energetika\",\"description\":\"Napelemek telep\u00edt\u00e9se \u00e9s teljes k\u00f6r\u0171 t\u00e1mogat\u00e1sa\",\"publisher\":{\"@id\":\"https:\\\/\\\/bartaenergetika.com\\\/#organization\"},\"potentialAction\":[{\"@type\":\"SearchAction\",\"target\":{\"@type\":\"EntryPoint\",\"urlTemplate\":\"https:\\\/\\\/bartaenergetika.com\\\/?s={search_term_string}\"},\"query-input\":{\"@type\":\"PropertyValueSpecification\",\"valueRequired\":true,\"valueName\":\"search_term_string\"}}],\"inLanguage\":\"en-GB\"},{\"@type\":\"Organization\",\"@id\":\"https:\\\/\\\/bartaenergetika.com\\\/#organization\",\"name\":\"Barta Energetika\",\"url\":\"https:\\\/\\\/bartaenergetika.com\\\/\",\"logo\":{\"@type\":\"ImageObject\",\"inLanguage\":\"en-GB\",\"@id\":\"https:\\\/\\\/bartaenergetika.com\\\/#\\\/schema\\\/logo\\\/image\\\/\",\"url\":\"https:\\\/\\\/bartaenergetika.com\\\/wp-content\\\/uploads\\\/2025\\\/08\\\/cropped-Barta-Energetika-logo-magyar-1.png\",\"contentUrl\":\"https:\\\/\\\/bartaenergetika.com\\\/wp-content\\\/uploads\\\/2025\\\/08\\\/cropped-Barta-Energetika-logo-magyar-1.png\",\"width\":1230,\"height\":1298,\"caption\":\"Barta Energetika\"},\"image\":{\"@id\":\"https:\\\/\\\/bartaenergetika.com\\\/#\\\/schema\\\/logo\\\/image\\\/\"}}]}<\/script>\n<!-- \/ Yoast SEO plugin. -->","yoast_head_json":{"title":"Referenci\u00e1k - Barta Energetika","robots":{"index":"noindex","follow":"follow","max-snippet":"max-snippet:-1","max-image-preview":"max-image-preview:large","max-video-preview":"max-video-preview:-1"},"og_locale":"en_GB","og_type":"article","og_title":"Referenci\u00e1k - Barta Energetika","og_description":"Referenci\u00e1k","og_url":"https:\/\/bartaenergetika.com\/en\/referenciak\/","og_site_name":"Barta Energetika","article_modified_time":"2025-09-24T08:59:33+00:00","twitter_card":"summary_large_image","twitter_misc":{"Estimated reading time":"2 minutes"},"schema":{"@context":"https:\/\/schema.org","@graph":[{"@type":"WebPage","@id":"https:\/\/bartaenergetika.com\/referenciak\/","url":"https:\/\/bartaenergetika.com\/referenciak\/","name":"Referenci\u00e1k - Barta Energetika","isPartOf":{"@id":"https:\/\/bartaenergetika.com\/#website"},"datePublished":"2025-09-18T22:27:48+00:00","dateModified":"2025-09-24T08:59:33+00:00","breadcrumb":{"@id":"https:\/\/bartaenergetika.com\/referenciak\/#breadcrumb"},"inLanguage":"en-GB","potentialAction":[{"@type":"ReadAction","target":["https:\/\/bartaenergetika.com\/referenciak\/"]}]},{"@type":"BreadcrumbList","@id":"https:\/\/bartaenergetika.com\/referenciak\/#breadcrumb","itemListElement":[{"@type":"ListItem","position":1,"name":"Home","item":"https:\/\/bartaenergetika.com\/"},{"@type":"ListItem","position":2,"name":"Referenci\u00e1k"}]},{"@type":"WebSite","@id":"https:\/\/bartaenergetika.com\/#website","url":"https:\/\/bartaenergetika.com\/","name":"Barta Energetika","description":"Napelemek telep\u00edt\u00e9se \u00e9s teljes k\u00f6r\u0171 t\u00e1mogat\u00e1sa","publisher":{"@id":"https:\/\/bartaenergetika.com\/#organization"},"potentialAction":[{"@type":"SearchAction","target":{"@type":"EntryPoint","urlTemplate":"https:\/\/bartaenergetika.com\/?s={search_term_string}"},"query-input":{"@type":"PropertyValueSpecification","valueRequired":true,"valueName":"search_term_string"}}],"inLanguage":"en-GB"},{"@type":"Organization","@id":"https:\/\/bartaenergetika.com\/#organization","name":"Barta Energetika","url":"https:\/\/bartaenergetika.com\/","logo":{"@type":"ImageObject","inLanguage":"en-GB","@id":"https:\/\/bartaenergetika.com\/#\/schema\/logo\/image\/","url":"https:\/\/bartaenergetika.com\/wp-content\/uploads\/2025\/08\/cropped-Barta-Energetika-logo-magyar-1.png","contentUrl":"https:\/\/bartaenergetika.com\/wp-content\/uploads\/2025\/08\/cropped-Barta-Energetika-logo-magyar-1.png","width":1230,"height":1298,"caption":"Barta Energetika"},"image":{"@id":"https:\/\/bartaenergetika.com\/#\/schema\/logo\/image\/"}}]}},"_links":{"self":[{"href":"https:\/\/bartaenergetika.com\/en\/wp-json\/wp\/v2\/pages\/329","targetHints":{"allow":["GET"]}}],"collection":[{"href":"https:\/\/bartaenergetika.com\/en\/wp-json\/wp\/v2\/pages"}],"about":[{"href":"https:\/\/bartaenergetika.com\/en\/wp-json\/wp\/v2\/types\/page"}],"author":[{"embeddable":true,"href":"https:\/\/bartaenergetika.com\/en\/wp-json\/wp\/v2\/users\/1"}],"replies":[{"embeddable":true,"href":"https:\/\/bartaenergetika.com\/en\/wp-json\/wp\/v2\/comments?post=329"}],"version-history":[{"count":16,"href":"https:\/\/bartaenergetika.com\/en\/wp-json\/wp\/v2\/pages\/329\/revisions"}],"predecessor-version":[{"id":539,"href":"https:\/\/bartaenergetika.com\/en\/wp-json\/wp\/v2\/pages\/329\/revisions\/539"}],"wp:attachment":[{"href":"https:\/\/bartaenergetika.com\/en\/wp-json\/wp\/v2\/media?parent=329"}],"curies":[{"name":"wp","href":"https:\/\/api.w.org\/{rel}","templated":true}]}}