{"id":320,"date":"2025-09-18T22:22:35","date_gmt":"2025-09-18T22:22:35","guid":{"rendered":"https:\/\/bartaenergetika.com\/?page_id=320"},"modified":"2025-09-18T22:25:47","modified_gmt":"2025-09-18T22:25:47","slug":"impresszum-2","status":"publish","type":"page","link":"https:\/\/bartaenergetika.com\/en\/impresszum-2\/","title":{"rendered":"Impresszum"},"content":{"rendered":"<div data-elementor-type=\"wp-page\" data-elementor-id=\"320\" class=\"elementor elementor-320\" data-elementor-post-type=\"page\">\n\t\t\t\t<div class=\"elementor-element elementor-element-f3f3a6e e-flex e-con-boxed e-con e-parent\" data-id=\"f3f3a6e\" data-element_type=\"container\" data-e-type=\"container\" data-settings=\"{&quot;background_background&quot;:&quot;classic&quot;}\">\n\t\t\t\t\t<div class=\"e-con-inner\">\n\t\t<div class=\"elementor-element elementor-element-482f90b e-flex e-con-boxed e-con e-child\" data-id=\"482f90b\" data-element_type=\"container\" data-e-type=\"container\">\n\t\t\t\t\t<div class=\"e-con-inner\">\n\t\t\t\t<div class=\"elementor-element elementor-element-fb2abc8 elementor-invisible elementor-widget elementor-widget-heading\" data-id=\"fb2abc8\" data-element_type=\"widget\" data-e-type=\"widget\" data-settings=\"{&quot;_animation&quot;:&quot;fadeInUp&quot;,&quot;_animation_delay&quot;:200}\" data-widget_type=\"heading.default\">\n\t\t\t\t<div class=\"elementor-widget-container\">\n\t\t\t\t\t<h1 class=\"elementor-heading-title elementor-size-default\">Impresszum<\/h1>\t\t\t\t<\/div>\n\t\t\t\t<\/div>\n\t\t\t\t<div class=\"elementor-element elementor-element-9ddbec5 elementor-invisible elementor-widget elementor-widget-heading\" data-id=\"9ddbec5\" data-element_type=\"widget\" data-e-type=\"widget\" data-settings=\"{&quot;_animation&quot;:&quot;fadeInDown&quot;,&quot;_animation_delay&quot;:300}\" data-widget_type=\"heading.default\">\n\t\t\t\t<div class=\"elementor-widget-container\">\n\t\t\t\t\t<h4 class=\"elementor-heading-title elementor-size-default\">Adatkezel\u00e9si t\u00e1j\u00e9koztat\u00f3<\/h4>\t\t\t\t<\/div>\n\t\t\t\t<\/div>\n\t\t\t\t\t<\/div>\n\t\t\t\t<\/div>\n\t\t\t\t\t<\/div>\n\t\t\t\t<\/div>\n\t\t<div class=\"elementor-element elementor-element-54a98d4 e-flex e-con-boxed e-con e-parent\" data-id=\"54a98d4\" data-element_type=\"container\" data-e-type=\"container\" data-settings=\"{&quot;background_background&quot;:&quot;classic&quot;}\">\n\t\t\t\t\t<div class=\"e-con-inner\">\n\t\t<div class=\"elementor-element elementor-element-b9cccf0 e-con-full e-flex elementor-invisible e-con e-child\" data-id=\"b9cccf0\" data-element_type=\"container\" data-e-type=\"container\" data-settings=\"{&quot;animation&quot;:&quot;fadeInLeft&quot;}\">\n\t\t\t\t<div class=\"elementor-element elementor-element-1cec5fe elementor-widget elementor-widget-text-editor\" data-id=\"1cec5fe\" data-element_type=\"widget\" data-e-type=\"widget\" data-widget_type=\"text-editor.default\">\n\t\t\t\t<div class=\"elementor-widget-container\">\n\t\t\t\t\t\t\t\t\t<p style=\"text-align: left;\"><b>Szolg\u00e1ltat\u00f3 adatai<\/b><\/p>\n<ul style=\"text-align: left;\">\n<li style=\"font-weight: 400;\" aria-level=\"1\"><span style=\"font-weight: 400;\">C\u00e9gn\u00e9v: Barta Energetika Korl\u00e1tolt Felel\u0151ss\u00e9g\u0171 T\u00e1rsas\u00e1g<\/span><span style=\"font-weight: 400;\">\n<p><\/p><\/span><\/li>\n<li style=\"font-weight: 400;\" aria-level=\"1\"><span style=\"font-weight: 400;\">Sz\u00e9khely: 1023 Budapest, B\u00e9csi \u00fat 4. VI. em.<\/span><span style=\"font-weight: 400;\">\n<p><\/p><\/span><\/li>\n<li style=\"font-weight: 400;\" aria-level=\"1\"><span style=\"font-weight: 400;\">C\u00e9gjegyz\u00e9ksz\u00e1m: 01 09 446660<\/span><span style=\"font-weight: 400;\">\n<p><\/p><\/span><\/li>\n<li style=\"font-weight: 400;\" aria-level=\"1\"><span style=\"font-weight: 400;\">Ad\u00f3sz\u00e1m: 32863734-2-41<\/span><span style=\"font-weight: 400;\">\n<p><\/p><\/span><\/li>\n<li style=\"font-weight: 400;\" aria-level=\"1\"><span style=\"font-weight: 400;\">K\u00e9pvisel\u0151: Neh\u00e9z Kriszti\u00e1n \u00c1kos<\/span><b>\n<\/b><p><b><\/b><\/p><\/li>\n<li style=\"font-weight: 400;\" aria-level=\"1\"><span style=\"font-weight: 400;\">Telefonsz\u00e1m: <\/span><span style=\"font-weight: 400;\">+36706762480<\/span><b>\n<\/b><p><b><\/b><\/p><\/li>\n<li style=\"font-weight: 400;\" aria-level=\"1\"><span style=\"font-weight: 400;\">E-mail: <\/span><span style=\"font-weight: 400;\">office@bartaenergetika.com<\/span><b>\n<\/b><p><b><\/b><\/p><\/li>\n<li style=\"font-weight: 400;\" aria-level=\"1\"><span style=\"font-weight: 400;\">Weboldal: www.bartaenergetika.com<\/span><\/li><\/ul><ul style=\"text-align: left;\">\n<\/ul>\n<p style=\"text-align: left;\">\n<\/p>\t\t\t\t\t\t\t\t<\/div>\n\t\t\t\t<\/div>\n\t\t\t\t<div class=\"elementor-element elementor-element-d0e813d elementor-widget elementor-widget-text-editor\" data-id=\"d0e813d\" data-element_type=\"widget\" data-e-type=\"widget\" data-widget_type=\"text-editor.default\">\n\t\t\t\t<div class=\"elementor-widget-container\">\n\t\t\t\t\t\t\t\t\t<p style=\"text-align: left;\"><b>Nyilv\u00e1ntart\u00f3 hat\u00f3s\u00e1g<\/b><b><br \/><\/b>F\u0151v\u00e1rosi T\u00f6rv\u00e9nysz\u00e9k C\u00e9gb\u00edr\u00f3s\u00e1ga<\/p><p style=\"text-align: left;\"><b>Szolg\u00e1ltat\u00e1s t\u00e1rgya<\/b><b><br \/><\/b>Energetikai szolg\u00e1ltat\u00e1sok, tan\u00e1csad\u00e1s \u00e9s kapcsol\u00f3d\u00f3 \u00fczleti tev\u00e9kenys\u00e9gek<\/p><p style=\"text-align: left;\"><b>T\u00e1rhelyszolg\u00e1ltat\u00f3 adatai<\/b><\/p><ul><li style=\"text-align: left;\" aria-level=\"1\">C\u00e9gn\u00e9v: DEVBOX Kft.<p>\u00a0<\/p><\/li><li style=\"text-align: left;\" aria-level=\"1\">Sz\u00e9khely: 7054 Tengelic, R\u00e1k\u00f3czi Ferenc u. 9.<p>\u00a0<\/p><\/li><li style=\"text-align: left;\" aria-level=\"1\">C\u00e9gjegyz\u00e9ksz\u00e1m: 17-09-010568<p>\u00a0<\/p><\/li><li style=\"text-align: left;\" aria-level=\"1\">Ad\u00f3sz\u00e1m: 25170605-2-17<p>\u00a0<\/p><\/li><li style=\"text-align: left;\" aria-level=\"1\">Nyilv\u00e1ntart\u00f3 hat\u00f3s\u00e1g: Szeksz\u00e1rdi T\u00f6rv\u00e9nysz\u00e9k C\u00e9gb\u00edr\u00f3s\u00e1ga<\/li><\/ul><p style=\"text-align: left;\">\u00a0<\/p>\t\t\t\t\t\t\t\t<\/div>\n\t\t\t\t<\/div>\n\t\t\t\t<\/div>\n\t\t\t\t\t<\/div>\n\t\t\t\t<\/div>\n\t\t\t\t<\/div>","protected":false},"excerpt":{"rendered":"<p>Adatkezel\u00e9si t\u00e1j\u00e9koztat\u00f3 Szolg\u00e1ltat\u00f3 adatai C\u00e9gn\u00e9v: Barta Energetika Korl\u00e1tolt Felel\u0151ss\u00e9g\u0171 T\u00e1rsas\u00e1g Sz\u00e9khely: 1023 Budapest, B\u00e9csi \u00fat 4. VI. em. C\u00e9gjegyz\u00e9ksz\u00e1m: 01 09 446660 Ad\u00f3sz\u00e1m: 32863734-2-41 K\u00e9pvisel\u0151: Neh\u00e9z Kriszti\u00e1n \u00c1kos Telefonsz\u00e1m: +36706762480 E-mail: office@bartaenergetika.com Weboldal: www.bartaenergetika.com Nyilv\u00e1ntart\u00f3 hat\u00f3s\u00e1gF\u0151v\u00e1rosi T\u00f6rv\u00e9nysz\u00e9k C\u00e9gb\u00edr\u00f3s\u00e1ga Szolg\u00e1ltat\u00e1s t\u00e1rgyaEnergetikai szolg\u00e1ltat\u00e1sok, tan\u00e1csad\u00e1s \u00e9s kapcsol\u00f3d\u00f3 \u00fczleti tev\u00e9kenys\u00e9gek T\u00e1rhelyszolg\u00e1ltat\u00f3 adatai C\u00e9gn\u00e9v: DEVBOX Kft. \u00a0 Sz\u00e9khely: 7054 Tengelic, [&hellip;]<\/p>\n","protected":false},"author":1,"featured_media":0,"parent":0,"menu_order":0,"comment_status":"closed","ping_status":"closed","template":"elementor_header_footer","meta":{"footnotes":""},"class_list":["post-320","page","type-page","status-publish","hentry"],"yoast_head":"<!-- This site is optimized with the Yoast SEO plugin v27.3 - https:\/\/yoast.com\/product\/yoast-seo-wordpress\/ -->\n<title>Impresszum - Barta Energetika<\/title>\n<meta name=\"robots\" content=\"noindex, follow, max-snippet:-1, max-image-preview:large, max-video-preview:-1\" \/>\n<meta property=\"og:locale\" content=\"en_GB\" \/>\n<meta property=\"og:type\" content=\"article\" \/>\n<meta property=\"og:title\" content=\"Impresszum - Barta Energetika\" \/>\n<meta property=\"og:description\" content=\"Adatkezel\u00e9si t\u00e1j\u00e9koztat\u00f3 Szolg\u00e1ltat\u00f3 adatai C\u00e9gn\u00e9v: Barta Energetika Korl\u00e1tolt Felel\u0151ss\u00e9g\u0171 T\u00e1rsas\u00e1g Sz\u00e9khely: 1023 Budapest, B\u00e9csi \u00fat 4. VI. em. C\u00e9gjegyz\u00e9ksz\u00e1m: 01 09 446660 Ad\u00f3sz\u00e1m: 32863734-2-41 K\u00e9pvisel\u0151: Neh\u00e9z Kriszti\u00e1n \u00c1kos Telefonsz\u00e1m: +36706762480 E-mail: office@bartaenergetika.com Weboldal: www.bartaenergetika.com Nyilv\u00e1ntart\u00f3 hat\u00f3s\u00e1gF\u0151v\u00e1rosi T\u00f6rv\u00e9nysz\u00e9k C\u00e9gb\u00edr\u00f3s\u00e1ga Szolg\u00e1ltat\u00e1s t\u00e1rgyaEnergetikai szolg\u00e1ltat\u00e1sok, tan\u00e1csad\u00e1s \u00e9s kapcsol\u00f3d\u00f3 \u00fczleti tev\u00e9kenys\u00e9gek T\u00e1rhelyszolg\u00e1ltat\u00f3 adatai C\u00e9gn\u00e9v: DEVBOX Kft. \u00a0 Sz\u00e9khely: 7054 Tengelic, [&hellip;]\" \/>\n<meta property=\"og:url\" content=\"https:\/\/bartaenergetika.com\/en\/impresszum-2\/\" \/>\n<meta property=\"og:site_name\" content=\"Barta Energetika\" \/>\n<meta property=\"article:modified_time\" content=\"2025-09-18T22:25:47+00:00\" \/>\n<meta name=\"twitter:card\" content=\"summary_large_image\" \/>\n<meta name=\"twitter:label1\" content=\"Estimated reading time\" \/>\n\t<meta name=\"twitter:data1\" content=\"1 minute\" \/>\n<script type=\"application\/ld+json\" class=\"yoast-schema-graph\">{\"@context\":\"https:\\\/\\\/schema.org\",\"@graph\":[{\"@type\":\"WebPage\",\"@id\":\"https:\\\/\\\/bartaenergetika.com\\\/impresszum-2\\\/\",\"url\":\"https:\\\/\\\/bartaenergetika.com\\\/impresszum-2\\\/\",\"name\":\"Impresszum - Barta Energetika\",\"isPartOf\":{\"@id\":\"https:\\\/\\\/bartaenergetika.com\\\/#website\"},\"datePublished\":\"2025-09-18T22:22:35+00:00\",\"dateModified\":\"2025-09-18T22:25:47+00:00\",\"breadcrumb\":{\"@id\":\"https:\\\/\\\/bartaenergetika.com\\\/impresszum-2\\\/#breadcrumb\"},\"inLanguage\":\"en-GB\",\"potentialAction\":[{\"@type\":\"ReadAction\",\"target\":[\"https:\\\/\\\/bartaenergetika.com\\\/impresszum-2\\\/\"]}]},{\"@type\":\"BreadcrumbList\",\"@id\":\"https:\\\/\\\/bartaenergetika.com\\\/impresszum-2\\\/#breadcrumb\",\"itemListElement\":[{\"@type\":\"ListItem\",\"position\":1,\"name\":\"Home\",\"item\":\"https:\\\/\\\/bartaenergetika.com\\\/\"},{\"@type\":\"ListItem\",\"position\":2,\"name\":\"Impresszum\"}]},{\"@type\":\"WebSite\",\"@id\":\"https:\\\/\\\/bartaenergetika.com\\\/#website\",\"url\":\"https:\\\/\\\/bartaenergetika.com\\\/\",\"name\":\"Barta Energetika\",\"description\":\"Napelemek telep\u00edt\u00e9se \u00e9s teljes k\u00f6r\u0171 t\u00e1mogat\u00e1sa\",\"publisher\":{\"@id\":\"https:\\\/\\\/bartaenergetika.com\\\/#organization\"},\"potentialAction\":[{\"@type\":\"SearchAction\",\"target\":{\"@type\":\"EntryPoint\",\"urlTemplate\":\"https:\\\/\\\/bartaenergetika.com\\\/?s={search_term_string}\"},\"query-input\":{\"@type\":\"PropertyValueSpecification\",\"valueRequired\":true,\"valueName\":\"search_term_string\"}}],\"inLanguage\":\"en-GB\"},{\"@type\":\"Organization\",\"@id\":\"https:\\\/\\\/bartaenergetika.com\\\/#organization\",\"name\":\"Barta Energetika\",\"url\":\"https:\\\/\\\/bartaenergetika.com\\\/\",\"logo\":{\"@type\":\"ImageObject\",\"inLanguage\":\"en-GB\",\"@id\":\"https:\\\/\\\/bartaenergetika.com\\\/#\\\/schema\\\/logo\\\/image\\\/\",\"url\":\"https:\\\/\\\/bartaenergetika.com\\\/wp-content\\\/uploads\\\/2025\\\/08\\\/cropped-Barta-Energetika-logo-magyar-1.png\",\"contentUrl\":\"https:\\\/\\\/bartaenergetika.com\\\/wp-content\\\/uploads\\\/2025\\\/08\\\/cropped-Barta-Energetika-logo-magyar-1.png\",\"width\":1230,\"height\":1298,\"caption\":\"Barta Energetika\"},\"image\":{\"@id\":\"https:\\\/\\\/bartaenergetika.com\\\/#\\\/schema\\\/logo\\\/image\\\/\"}}]}<\/script>\n<!-- \/ Yoast SEO plugin. -->","yoast_head_json":{"title":"Impresszum - Barta Energetika","robots":{"index":"noindex","follow":"follow","max-snippet":"max-snippet:-1","max-image-preview":"max-image-preview:large","max-video-preview":"max-video-preview:-1"},"og_locale":"en_GB","og_type":"article","og_title":"Impresszum - Barta Energetika","og_description":"Adatkezel\u00e9si t\u00e1j\u00e9koztat\u00f3 Szolg\u00e1ltat\u00f3 adatai C\u00e9gn\u00e9v: Barta Energetika Korl\u00e1tolt Felel\u0151ss\u00e9g\u0171 T\u00e1rsas\u00e1g Sz\u00e9khely: 1023 Budapest, B\u00e9csi \u00fat 4. VI. em. C\u00e9gjegyz\u00e9ksz\u00e1m: 01 09 446660 Ad\u00f3sz\u00e1m: 32863734-2-41 K\u00e9pvisel\u0151: Neh\u00e9z Kriszti\u00e1n \u00c1kos Telefonsz\u00e1m: +36706762480 E-mail: office@bartaenergetika.com Weboldal: www.bartaenergetika.com Nyilv\u00e1ntart\u00f3 hat\u00f3s\u00e1gF\u0151v\u00e1rosi T\u00f6rv\u00e9nysz\u00e9k C\u00e9gb\u00edr\u00f3s\u00e1ga Szolg\u00e1ltat\u00e1s t\u00e1rgyaEnergetikai szolg\u00e1ltat\u00e1sok, tan\u00e1csad\u00e1s \u00e9s kapcsol\u00f3d\u00f3 \u00fczleti tev\u00e9kenys\u00e9gek T\u00e1rhelyszolg\u00e1ltat\u00f3 adatai C\u00e9gn\u00e9v: DEVBOX Kft. \u00a0 Sz\u00e9khely: 7054 Tengelic, [&hellip;]","og_url":"https:\/\/bartaenergetika.com\/en\/impresszum-2\/","og_site_name":"Barta Energetika","article_modified_time":"2025-09-18T22:25:47+00:00","twitter_card":"summary_large_image","twitter_misc":{"Estimated reading time":"1 minute"},"schema":{"@context":"https:\/\/schema.org","@graph":[{"@type":"WebPage","@id":"https:\/\/bartaenergetika.com\/impresszum-2\/","url":"https:\/\/bartaenergetika.com\/impresszum-2\/","name":"Impresszum - Barta Energetika","isPartOf":{"@id":"https:\/\/bartaenergetika.com\/#website"},"datePublished":"2025-09-18T22:22:35+00:00","dateModified":"2025-09-18T22:25:47+00:00","breadcrumb":{"@id":"https:\/\/bartaenergetika.com\/impresszum-2\/#breadcrumb"},"inLanguage":"en-GB","potentialAction":[{"@type":"ReadAction","target":["https:\/\/bartaenergetika.com\/impresszum-2\/"]}]},{"@type":"BreadcrumbList","@id":"https:\/\/bartaenergetika.com\/impresszum-2\/#breadcrumb","itemListElement":[{"@type":"ListItem","position":1,"name":"Home","item":"https:\/\/bartaenergetika.com\/"},{"@type":"ListItem","position":2,"name":"Impresszum"}]},{"@type":"WebSite","@id":"https:\/\/bartaenergetika.com\/#website","url":"https:\/\/bartaenergetika.com\/","name":"Barta Energetika","description":"Napelemek telep\u00edt\u00e9se \u00e9s teljes k\u00f6r\u0171 t\u00e1mogat\u00e1sa","publisher":{"@id":"https:\/\/bartaenergetika.com\/#organization"},"potentialAction":[{"@type":"SearchAction","target":{"@type":"EntryPoint","urlTemplate":"https:\/\/bartaenergetika.com\/?s={search_term_string}"},"query-input":{"@type":"PropertyValueSpecification","valueRequired":true,"valueName":"search_term_string"}}],"inLanguage":"en-GB"},{"@type":"Organization","@id":"https:\/\/bartaenergetika.com\/#organization","name":"Barta Energetika","url":"https:\/\/bartaenergetika.com\/","logo":{"@type":"ImageObject","inLanguage":"en-GB","@id":"https:\/\/bartaenergetika.com\/#\/schema\/logo\/image\/","url":"https:\/\/bartaenergetika.com\/wp-content\/uploads\/2025\/08\/cropped-Barta-Energetika-logo-magyar-1.png","contentUrl":"https:\/\/bartaenergetika.com\/wp-content\/uploads\/2025\/08\/cropped-Barta-Energetika-logo-magyar-1.png","width":1230,"height":1298,"caption":"Barta Energetika"},"image":{"@id":"https:\/\/bartaenergetika.com\/#\/schema\/logo\/image\/"}}]}},"_links":{"self":[{"href":"https:\/\/bartaenergetika.com\/en\/wp-json\/wp\/v2\/pages\/320","targetHints":{"allow":["GET"]}}],"collection":[{"href":"https:\/\/bartaenergetika.com\/en\/wp-json\/wp\/v2\/pages"}],"about":[{"href":"https:\/\/bartaenergetika.com\/en\/wp-json\/wp\/v2\/types\/page"}],"author":[{"embeddable":true,"href":"https:\/\/bartaenergetika.com\/en\/wp-json\/wp\/v2\/users\/1"}],"replies":[{"embeddable":true,"href":"https:\/\/bartaenergetika.com\/en\/wp-json\/wp\/v2\/comments?post=320"}],"version-history":[{"count":7,"href":"https:\/\/bartaenergetika.com\/en\/wp-json\/wp\/v2\/pages\/320\/revisions"}],"predecessor-version":[{"id":328,"href":"https:\/\/bartaenergetika.com\/en\/wp-json\/wp\/v2\/pages\/320\/revisions\/328"}],"wp:attachment":[{"href":"https:\/\/bartaenergetika.com\/en\/wp-json\/wp\/v2\/media?parent=320"}],"curies":[{"name":"wp","href":"https:\/\/api.w.org\/{rel}","templated":true}]}}