{"id":182,"date":"2025-09-05T10:12:55","date_gmt":"2025-09-05T10:12:55","guid":{"rendered":"https:\/\/bartaenergetika.com\/?page_id=182"},"modified":"2025-09-05T10:12:55","modified_gmt":"2025-09-05T10:12:55","slug":"impresszum","status":"publish","type":"page","link":"https:\/\/bartaenergetika.com\/en\/impresszum\/","title":{"rendered":"Impresszum"},"content":{"rendered":"<p><strong>Szolg\u00e1ltat\u00f3 adatai<\/strong><\/p>\n\n\n\n<ul class=\"wp-block-list\">\n<li>C\u00e9gn\u00e9v: Barta Energetika Korl\u00e1tolt Felel\u0151ss\u00e9g\u0171 T\u00e1rsas\u00e1g<br><\/li>\n\n\n\n<li>Sz\u00e9khely: 1023 Budapest, B\u00e9csi \u00fat 4. VI. em.<br><\/li>\n\n\n\n<li>C\u00e9gjegyz\u00e9ksz\u00e1m: 01 09 446660<br><\/li>\n\n\n\n<li>Ad\u00f3sz\u00e1m: 32863734-2-41<br><\/li>\n\n\n\n<li>K\u00e9pvisel\u0151: Neh\u00e9z Kriszti\u00e1n \u00c1kos<strong><br><\/strong><\/li>\n\n\n\n<li>Telefonsz\u00e1m: +36706762480<strong><br><\/strong><\/li>\n\n\n\n<li>E-mail: office@bartaenergetika.com<strong><br><\/strong><\/li>\n\n\n\n<li>Weboldal: www.bartaenergetika.com<strong><br><\/strong><\/li>\n<\/ul>\n\n\n\n<p><strong>Nyilv\u00e1ntart\u00f3 hat\u00f3s\u00e1g<\/strong><strong><br><\/strong> F\u0151v\u00e1rosi T\u00f6rv\u00e9nysz\u00e9k C\u00e9gb\u00edr\u00f3s\u00e1ga<\/p>\n\n\n\n<p><strong>T\u00e1rhelyszolg\u00e1ltat\u00f3 adatai<\/strong><\/p>\n\n\n\n<ul class=\"wp-block-list\">\n<li>C\u00e9gn\u00e9v: DEVBOX Kft.<br><\/li>\n\n\n\n<li>Sz\u00e9khely: 7054 Tengelic, R\u00e1k\u00f3czi Ferenc u. 9.<br><\/li>\n\n\n\n<li>C\u00e9gjegyz\u00e9ksz\u00e1m: 17-09-010568<br><\/li>\n\n\n\n<li>Ad\u00f3sz\u00e1m: 25170605-2-17<br><\/li>\n\n\n\n<li>Nyilv\u00e1ntart\u00f3 hat\u00f3s\u00e1g: Szeksz\u00e1rdi T\u00f6rv\u00e9nysz\u00e9k C\u00e9gb\u00edr\u00f3s\u00e1ga<\/li>\n<\/ul>","protected":false},"excerpt":{"rendered":"<p>Szolg\u00e1ltat\u00f3 adatai Nyilv\u00e1ntart\u00f3 hat\u00f3s\u00e1g F\u0151v\u00e1rosi T\u00f6rv\u00e9nysz\u00e9k C\u00e9gb\u00edr\u00f3s\u00e1ga T\u00e1rhelyszolg\u00e1ltat\u00f3 adatai<\/p>","protected":false},"author":1,"featured_media":0,"parent":0,"menu_order":0,"comment_status":"closed","ping_status":"closed","template":"","meta":{"footnotes":""},"class_list":["post-182","page","type-page","status-publish","hentry"],"yoast_head":"<!-- This site is optimized with the Yoast SEO plugin v27.3 - https:\/\/yoast.com\/product\/yoast-seo-wordpress\/ -->\n<title>Impresszum - Barta Energetika<\/title>\n<meta name=\"robots\" content=\"noindex, follow, max-snippet:-1, max-image-preview:large, max-video-preview:-1\" \/>\n<meta property=\"og:locale\" content=\"en_GB\" \/>\n<meta property=\"og:type\" content=\"article\" \/>\n<meta property=\"og:title\" content=\"Impresszum - Barta Energetika\" \/>\n<meta property=\"og:description\" content=\"Szolg\u00e1ltat\u00f3 adatai Nyilv\u00e1ntart\u00f3 hat\u00f3s\u00e1g F\u0151v\u00e1rosi T\u00f6rv\u00e9nysz\u00e9k C\u00e9gb\u00edr\u00f3s\u00e1ga T\u00e1rhelyszolg\u00e1ltat\u00f3 adatai\" \/>\n<meta property=\"og:url\" content=\"https:\/\/bartaenergetika.com\/en\/impresszum\/\" \/>\n<meta property=\"og:site_name\" content=\"Barta Energetika\" \/>\n<meta name=\"twitter:card\" content=\"summary_large_image\" \/>\n<meta name=\"twitter:label1\" content=\"Estimated reading time\" \/>\n\t<meta name=\"twitter:data1\" content=\"1 minute\" \/>\n<script type=\"application\/ld+json\" class=\"yoast-schema-graph\">{\"@context\":\"https:\\\/\\\/schema.org\",\"@graph\":[{\"@type\":\"WebPage\",\"@id\":\"https:\\\/\\\/bartaenergetika.com\\\/impresszum\\\/\",\"url\":\"https:\\\/\\\/bartaenergetika.com\\\/impresszum\\\/\",\"name\":\"Impresszum - Barta Energetika\",\"isPartOf\":{\"@id\":\"https:\\\/\\\/bartaenergetika.com\\\/#website\"},\"datePublished\":\"2025-09-05T10:12:55+00:00\",\"breadcrumb\":{\"@id\":\"https:\\\/\\\/bartaenergetika.com\\\/impresszum\\\/#breadcrumb\"},\"inLanguage\":\"en-GB\",\"potentialAction\":[{\"@type\":\"ReadAction\",\"target\":[\"https:\\\/\\\/bartaenergetika.com\\\/impresszum\\\/\"]}]},{\"@type\":\"BreadcrumbList\",\"@id\":\"https:\\\/\\\/bartaenergetika.com\\\/impresszum\\\/#breadcrumb\",\"itemListElement\":[{\"@type\":\"ListItem\",\"position\":1,\"name\":\"Home\",\"item\":\"https:\\\/\\\/bartaenergetika.com\\\/\"},{\"@type\":\"ListItem\",\"position\":2,\"name\":\"Impresszum\"}]},{\"@type\":\"WebSite\",\"@id\":\"https:\\\/\\\/bartaenergetika.com\\\/#website\",\"url\":\"https:\\\/\\\/bartaenergetika.com\\\/\",\"name\":\"Barta Energetika\",\"description\":\"Napelemek telep\u00edt\u00e9se \u00e9s teljes k\u00f6r\u0171 t\u00e1mogat\u00e1sa\",\"publisher\":{\"@id\":\"https:\\\/\\\/bartaenergetika.com\\\/#organization\"},\"potentialAction\":[{\"@type\":\"SearchAction\",\"target\":{\"@type\":\"EntryPoint\",\"urlTemplate\":\"https:\\\/\\\/bartaenergetika.com\\\/?s={search_term_string}\"},\"query-input\":{\"@type\":\"PropertyValueSpecification\",\"valueRequired\":true,\"valueName\":\"search_term_string\"}}],\"inLanguage\":\"en-GB\"},{\"@type\":\"Organization\",\"@id\":\"https:\\\/\\\/bartaenergetika.com\\\/#organization\",\"name\":\"Barta Energetika\",\"url\":\"https:\\\/\\\/bartaenergetika.com\\\/\",\"logo\":{\"@type\":\"ImageObject\",\"inLanguage\":\"en-GB\",\"@id\":\"https:\\\/\\\/bartaenergetika.com\\\/#\\\/schema\\\/logo\\\/image\\\/\",\"url\":\"https:\\\/\\\/bartaenergetika.com\\\/wp-content\\\/uploads\\\/2025\\\/08\\\/cropped-Barta-Energetika-logo-magyar-1.png\",\"contentUrl\":\"https:\\\/\\\/bartaenergetika.com\\\/wp-content\\\/uploads\\\/2025\\\/08\\\/cropped-Barta-Energetika-logo-magyar-1.png\",\"width\":1230,\"height\":1298,\"caption\":\"Barta Energetika\"},\"image\":{\"@id\":\"https:\\\/\\\/bartaenergetika.com\\\/#\\\/schema\\\/logo\\\/image\\\/\"}}]}<\/script>\n<!-- \/ Yoast SEO plugin. -->","yoast_head_json":{"title":"Impresszum - Barta Energetika","robots":{"index":"noindex","follow":"follow","max-snippet":"max-snippet:-1","max-image-preview":"max-image-preview:large","max-video-preview":"max-video-preview:-1"},"og_locale":"en_GB","og_type":"article","og_title":"Impresszum - Barta Energetika","og_description":"Szolg\u00e1ltat\u00f3 adatai Nyilv\u00e1ntart\u00f3 hat\u00f3s\u00e1g F\u0151v\u00e1rosi T\u00f6rv\u00e9nysz\u00e9k C\u00e9gb\u00edr\u00f3s\u00e1ga T\u00e1rhelyszolg\u00e1ltat\u00f3 adatai","og_url":"https:\/\/bartaenergetika.com\/en\/impresszum\/","og_site_name":"Barta Energetika","twitter_card":"summary_large_image","twitter_misc":{"Estimated reading time":"1 minute"},"schema":{"@context":"https:\/\/schema.org","@graph":[{"@type":"WebPage","@id":"https:\/\/bartaenergetika.com\/impresszum\/","url":"https:\/\/bartaenergetika.com\/impresszum\/","name":"Impresszum - Barta Energetika","isPartOf":{"@id":"https:\/\/bartaenergetika.com\/#website"},"datePublished":"2025-09-05T10:12:55+00:00","breadcrumb":{"@id":"https:\/\/bartaenergetika.com\/impresszum\/#breadcrumb"},"inLanguage":"en-GB","potentialAction":[{"@type":"ReadAction","target":["https:\/\/bartaenergetika.com\/impresszum\/"]}]},{"@type":"BreadcrumbList","@id":"https:\/\/bartaenergetika.com\/impresszum\/#breadcrumb","itemListElement":[{"@type":"ListItem","position":1,"name":"Home","item":"https:\/\/bartaenergetika.com\/"},{"@type":"ListItem","position":2,"name":"Impresszum"}]},{"@type":"WebSite","@id":"https:\/\/bartaenergetika.com\/#website","url":"https:\/\/bartaenergetika.com\/","name":"Barta Energetika","description":"Napelemek telep\u00edt\u00e9se \u00e9s teljes k\u00f6r\u0171 t\u00e1mogat\u00e1sa","publisher":{"@id":"https:\/\/bartaenergetika.com\/#organization"},"potentialAction":[{"@type":"SearchAction","target":{"@type":"EntryPoint","urlTemplate":"https:\/\/bartaenergetika.com\/?s={search_term_string}"},"query-input":{"@type":"PropertyValueSpecification","valueRequired":true,"valueName":"search_term_string"}}],"inLanguage":"en-GB"},{"@type":"Organization","@id":"https:\/\/bartaenergetika.com\/#organization","name":"Barta Energetika","url":"https:\/\/bartaenergetika.com\/","logo":{"@type":"ImageObject","inLanguage":"en-GB","@id":"https:\/\/bartaenergetika.com\/#\/schema\/logo\/image\/","url":"https:\/\/bartaenergetika.com\/wp-content\/uploads\/2025\/08\/cropped-Barta-Energetika-logo-magyar-1.png","contentUrl":"https:\/\/bartaenergetika.com\/wp-content\/uploads\/2025\/08\/cropped-Barta-Energetika-logo-magyar-1.png","width":1230,"height":1298,"caption":"Barta Energetika"},"image":{"@id":"https:\/\/bartaenergetika.com\/#\/schema\/logo\/image\/"}}]}},"_links":{"self":[{"href":"https:\/\/bartaenergetika.com\/en\/wp-json\/wp\/v2\/pages\/182","targetHints":{"allow":["GET"]}}],"collection":[{"href":"https:\/\/bartaenergetika.com\/en\/wp-json\/wp\/v2\/pages"}],"about":[{"href":"https:\/\/bartaenergetika.com\/en\/wp-json\/wp\/v2\/types\/page"}],"author":[{"embeddable":true,"href":"https:\/\/bartaenergetika.com\/en\/wp-json\/wp\/v2\/users\/1"}],"replies":[{"embeddable":true,"href":"https:\/\/bartaenergetika.com\/en\/wp-json\/wp\/v2\/comments?post=182"}],"version-history":[{"count":1,"href":"https:\/\/bartaenergetika.com\/en\/wp-json\/wp\/v2\/pages\/182\/revisions"}],"predecessor-version":[{"id":183,"href":"https:\/\/bartaenergetika.com\/en\/wp-json\/wp\/v2\/pages\/182\/revisions\/183"}],"wp:attachment":[{"href":"https:\/\/bartaenergetika.com\/en\/wp-json\/wp\/v2\/media?parent=182"}],"curies":[{"name":"wp","href":"https:\/\/api.w.org\/{rel}","templated":true}]}}