{"id":179,"date":"2025-09-05T07:09:43","date_gmt":"2025-09-05T07:09:43","guid":{"rendered":"https:\/\/bartaenergetika.com\/?page_id=179"},"modified":"2025-09-05T10:12:05","modified_gmt":"2025-09-05T10:12:05","slug":"adatkezelesi","status":"publish","type":"page","link":"https:\/\/bartaenergetika.com\/en\/adatkezelesi\/","title":{"rendered":"Adatkezelesi"},"content":{"rendered":"<h2 class=\"wp-block-heading\"><strong>1. Adatkezel\u0151 adatai<\/strong><\/h2>\n\n\n\n<ul class=\"wp-block-list\">\n<li>C\u00e9gn\u00e9v: <strong>Barta Energetika Korl\u00e1tolt Felel\u0151ss\u00e9g\u0171 T\u00e1rsas\u00e1g<\/strong><\/li>\n\n\n\n<li>Sz\u00e9khely: 1023 Budapest, B\u00e9csi \u00fat 4. VI. em.<\/li>\n\n\n\n<li>C\u00e9gjegyz\u00e9ksz\u00e1m: 01 09 446660<\/li>\n\n\n\n<li>Ad\u00f3sz\u00e1m: 32863734-2-41<\/li>\n\n\n\n<li>K\u00e9pvisel\u0151: office@bartaenergetika.com<\/li>\n\n\n\n<li>El\u00e9rhet\u0151s\u00e9g: +36706762480<\/li>\n\n\n\n<li>K\u00e9pvisel\u0151: Neh\u00e9z Kriszti\u00e1n \u00c1kos<br><\/li>\n<\/ul>\n\n\n\n<p>Az adatkezel\u0151 felel az \u00d6n szem\u00e9lyes adatainak jogszer\u0171 \u00e9s \u00e1tl\u00e1that\u00f3 kezel\u00e9s\u00e9\u00e9rt.<\/p>\n\n\n\n<h2 class=\"wp-block-heading\"><strong>2. T\u00e1rhelyszolg\u00e1ltat\u00f3 adatai<\/strong><\/h2>\n\n\n\n<ul class=\"wp-block-list\">\n<li>C\u00e9gn\u00e9v: DEVBOX Kft.<\/li>\n\n\n\n<li>Sz\u00e9khely: 7054 Tengelic, R\u00e1k\u00f3czi Ferenc u. 9.<\/li>\n\n\n\n<li>C\u00e9gjegyz\u00e9ksz\u00e1m: 17-09-010568<\/li>\n\n\n\n<li>Ad\u00f3sz\u00e1m: 25170605-2-17<\/li>\n\n\n\n<li>Nyilv\u00e1ntart\u00f3 hat\u00f3s\u00e1g: Szeksz\u00e1rdi T\u00f6rv\u00e9nysz\u00e9k C\u00e9gb\u00edr\u00f3s\u00e1ga<br><\/li>\n<\/ul>\n\n\n\n<h2 class=\"wp-block-heading\"><strong>3. Az adatkezel\u00e9s c\u00e9ljai<\/strong><\/h2>\n\n\n\n<p>Az adatkezel\u00e9s c\u00e9lja, hogy biztos\u00edtsuk a weboldal m\u0171k\u00f6d\u00e9s\u00e9t \u00e9s szolg\u00e1ltat\u00e1saink ig\u00e9nybev\u00e9tel\u00e9t.<br>F\u0151bb adatkezel\u00e9si c\u00e9lok:<\/p>\n\n\n\n<ul class=\"wp-block-list\">\n<li>kapcsolatfelv\u00e9tel (kapcsolati \u0171rlap, e-mail, telefon)<br><\/li>\n\n\n\n<li>szolg\u00e1ltat\u00e1si aj\u00e1nlatk\u00e9r\u00e9s \u00e9s szerz\u0151d\u00e9sk\u00f6t\u00e9s<br><\/li>\n\n\n\n<li>sz\u00e1ml\u00e1z\u00e1s \u00e9s jogszab\u00e1lyi k\u00f6telezetts\u00e9gek teljes\u00edt\u00e9se<br><\/li>\n\n\n\n<li>h\u00edrlev\u00e9lk\u00fcld\u00e9s<strong><br><\/strong><\/li>\n\n\n\n<li>s\u00fctik \u00e9s webanalitikai m\u00e9r\u00e9sek kezel\u00e9se <strong>Google Analytics<\/strong><\/li>\n<\/ul>\n\n\n\n<h2 class=\"wp-block-heading\"><strong>4. Kezelt adatok k\u00f6re<\/strong><\/h2>\n\n\n\n<p>A kezelt szem\u00e9lyes adatok az al\u00e1bbiak lehetnek:<\/p>\n\n\n\n<ul class=\"wp-block-list\">\n<li>n\u00e9v<br><\/li>\n\n\n\n<li>e-mail c\u00edm<br><\/li>\n\n\n\n<li>telefonsz\u00e1m<br><\/li>\n\n\n\n<li>sz\u00e1ml\u00e1z\u00e1si adatok (c\u00edm, ad\u00f3sz\u00e1m, c\u00e9gn\u00e9v)<br><strong><br><\/strong><\/li>\n<\/ul>\n\n\n\n<h2 class=\"wp-block-heading\"><strong>5. Az adatkezel\u00e9s jogalapja<\/strong><\/h2>\n\n\n\n<ul class=\"wp-block-list\">\n<li>szerz\u0151d\u00e9s teljes\u00edt\u00e9se (GDPR 6. cikk (1) b) pont)<br><\/li>\n\n\n\n<li>jogi k\u00f6telezetts\u00e9g teljes\u00edt\u00e9se (sz\u00e1ml\u00e1z\u00e1s)<br><\/li>\n\n\n\n<li>jogos \u00e9rdek (\u00fczleti kommunik\u00e1ci\u00f3, \u00fcgyf\u00e9lkezel\u00e9s)<br><\/li>\n\n\n\n<li>hozz\u00e1j\u00e1rul\u00e1s (h\u00edrlev\u00e9l, marketing c\u00e9l\u00fa megkeres\u00e9sek)<br><\/li>\n<\/ul>\n\n\n\n<h2 class=\"wp-block-heading\"><strong>6. Az adatkezel\u00e9s id\u0151tartama<\/strong><\/h2>\n\n\n\n<ul class=\"wp-block-list\">\n<li>kapcsolattart\u00e1si adatok: a kapcsolat fenn\u00e1ll\u00e1s\u00e1ig<br><\/li>\n\n\n\n<li>sz\u00e1ml\u00e1z\u00e1si adatok: a sz\u00e1mviteli jogszab\u00e1lyokban el\u0151\u00edrt 8 \u00e9vig<br><\/li>\n\n\n\n<li>h\u00edrlev\u00e9l feliratkoz\u00e1s: visszavon\u00e1sig<br><\/li>\n\n\n\n<li>s\u00fctik: be\u00e1ll\u00edt\u00e1st\u00f3l f\u00fcgg\u0151en, max. 2 \u00e9v<br><\/li>\n<\/ul>\n\n\n\n<h2 class=\"wp-block-heading\"><strong>7. Adattov\u00e1bb\u00edt\u00e1s, adatfeldolgoz\u00f3k<\/strong><\/h2>\n\n\n\n<p>Az adatokat kiz\u00e1r\u00f3lag az adatkezel\u0151 \u00e9s a szerz\u0151d\u00f6tt partnerei (pl. t\u00e1rhelyszolg\u00e1ltat\u00f3) kezelik.<br><\/p>\n\n\n\n<p><strong>8. Az \u00e9rintettek jogai<\/strong><\/p>\n\n\n\n<p>\u00d6n b\u00e1rmikor jogosult:<\/p>\n\n\n\n<ul class=\"wp-block-list\">\n<li>hozz\u00e1f\u00e9r\u00e9st k\u00e9rni az \u00d6nr\u0151l kezelt adatokhoz<br><\/li>\n\n\n\n<li>k\u00e9rni azok helyesb\u00edt\u00e9s\u00e9t vagy t\u00f6rl\u00e9s\u00e9t<br><\/li>\n\n\n\n<li>tiltakozni a jogos \u00e9rdeken alapul\u00f3 adatkezel\u00e9s ellen<br><\/li>\n\n\n\n<li>k\u00e9rni az adatkezel\u00e9s korl\u00e1toz\u00e1s\u00e1t<br><\/li>\n\n\n\n<li>adathordozhat\u00f3s\u00e1ghoz val\u00f3 jog\u00e1t gyakorolni<br><\/li>\n\n\n\n<li>hozz\u00e1j\u00e1rul\u00e1s\u00e1t b\u00e1rmikor visszavonni<br><\/li>\n<\/ul>\n\n\n\n<p>Jogai megs\u00e9rt\u00e9se eset\u00e9n panaszt tehet a Nemzeti Adatv\u00e9delmi \u00e9s Inform\u00e1ci\u00f3szabads\u00e1g Hat\u00f3s\u00e1gn\u00e1l (NAIH, 1055 Budapest, Falk Miksa utca 9-11., www.naih.hu).<\/p>","protected":false},"excerpt":{"rendered":"<p>1. Adatkezel\u0151 adatai Az adatkezel\u0151 felel az \u00d6n szem\u00e9lyes adatainak jogszer\u0171 \u00e9s \u00e1tl\u00e1that\u00f3 kezel\u00e9s\u00e9\u00e9rt. 2. T\u00e1rhelyszolg\u00e1ltat\u00f3 adatai 3. Az adatkezel\u00e9s c\u00e9ljai Az adatkezel\u00e9s c\u00e9lja, hogy biztos\u00edtsuk a weboldal m\u0171k\u00f6d\u00e9s\u00e9t \u00e9s szolg\u00e1ltat\u00e1saink ig\u00e9nybev\u00e9tel\u00e9t.F\u0151bb adatkezel\u00e9si c\u00e9lok: 4. Kezelt adatok k\u00f6re A kezelt szem\u00e9lyes adatok az al\u00e1bbiak lehetnek: 5. Az adatkezel\u00e9s jogalapja 6. Az adatkezel\u00e9s id\u0151tartama 7. Adattov\u00e1bb\u00edt\u00e1s, [&hellip;]<\/p>\n","protected":false},"author":1,"featured_media":0,"parent":0,"menu_order":0,"comment_status":"closed","ping_status":"closed","template":"","meta":{"footnotes":""},"class_list":["post-179","page","type-page","status-publish","hentry"],"yoast_head":"<!-- This site is optimized with the Yoast SEO plugin v27.3 - https:\/\/yoast.com\/product\/yoast-seo-wordpress\/ -->\n<title>Adatkezelesi - Barta Energetika<\/title>\n<meta name=\"robots\" content=\"noindex, follow, max-snippet:-1, max-image-preview:large, max-video-preview:-1\" \/>\n<meta property=\"og:locale\" content=\"en_GB\" \/>\n<meta property=\"og:type\" content=\"article\" \/>\n<meta property=\"og:title\" content=\"Adatkezelesi - Barta Energetika\" \/>\n<meta property=\"og:description\" content=\"1. Adatkezel\u0151 adatai Az adatkezel\u0151 felel az \u00d6n szem\u00e9lyes adatainak jogszer\u0171 \u00e9s \u00e1tl\u00e1that\u00f3 kezel\u00e9s\u00e9\u00e9rt. 2. T\u00e1rhelyszolg\u00e1ltat\u00f3 adatai 3. Az adatkezel\u00e9s c\u00e9ljai Az adatkezel\u00e9s c\u00e9lja, hogy biztos\u00edtsuk a weboldal m\u0171k\u00f6d\u00e9s\u00e9t \u00e9s szolg\u00e1ltat\u00e1saink ig\u00e9nybev\u00e9tel\u00e9t.F\u0151bb adatkezel\u00e9si c\u00e9lok: 4. Kezelt adatok k\u00f6re A kezelt szem\u00e9lyes adatok az al\u00e1bbiak lehetnek: 5. Az adatkezel\u00e9s jogalapja 6. Az adatkezel\u00e9s id\u0151tartama 7. Adattov\u00e1bb\u00edt\u00e1s, [&hellip;]\" \/>\n<meta property=\"og:url\" content=\"https:\/\/bartaenergetika.com\/en\/adatkezelesi\/\" \/>\n<meta property=\"og:site_name\" content=\"Barta Energetika\" \/>\n<meta property=\"article:modified_time\" content=\"2025-09-05T10:12:05+00:00\" \/>\n<meta name=\"twitter:card\" content=\"summary_large_image\" \/>\n<script type=\"application\/ld+json\" class=\"yoast-schema-graph\">{\"@context\":\"https:\\\/\\\/schema.org\",\"@graph\":[{\"@type\":\"WebPage\",\"@id\":\"https:\\\/\\\/bartaenergetika.com\\\/adatkezelesi\\\/\",\"url\":\"https:\\\/\\\/bartaenergetika.com\\\/adatkezelesi\\\/\",\"name\":\"Adatkezelesi - Barta Energetika\",\"isPartOf\":{\"@id\":\"https:\\\/\\\/bartaenergetika.com\\\/#website\"},\"datePublished\":\"2025-09-05T07:09:43+00:00\",\"dateModified\":\"2025-09-05T10:12:05+00:00\",\"breadcrumb\":{\"@id\":\"https:\\\/\\\/bartaenergetika.com\\\/adatkezelesi\\\/#breadcrumb\"},\"inLanguage\":\"en-GB\",\"potentialAction\":[{\"@type\":\"ReadAction\",\"target\":[\"https:\\\/\\\/bartaenergetika.com\\\/adatkezelesi\\\/\"]}]},{\"@type\":\"BreadcrumbList\",\"@id\":\"https:\\\/\\\/bartaenergetika.com\\\/adatkezelesi\\\/#breadcrumb\",\"itemListElement\":[{\"@type\":\"ListItem\",\"position\":1,\"name\":\"Home\",\"item\":\"https:\\\/\\\/bartaenergetika.com\\\/\"},{\"@type\":\"ListItem\",\"position\":2,\"name\":\"Adatkezelesi\"}]},{\"@type\":\"WebSite\",\"@id\":\"https:\\\/\\\/bartaenergetika.com\\\/#website\",\"url\":\"https:\\\/\\\/bartaenergetika.com\\\/\",\"name\":\"Barta Energetika\",\"description\":\"Napelemek telep\u00edt\u00e9se \u00e9s teljes k\u00f6r\u0171 t\u00e1mogat\u00e1sa\",\"publisher\":{\"@id\":\"https:\\\/\\\/bartaenergetika.com\\\/#organization\"},\"potentialAction\":[{\"@type\":\"SearchAction\",\"target\":{\"@type\":\"EntryPoint\",\"urlTemplate\":\"https:\\\/\\\/bartaenergetika.com\\\/?s={search_term_string}\"},\"query-input\":{\"@type\":\"PropertyValueSpecification\",\"valueRequired\":true,\"valueName\":\"search_term_string\"}}],\"inLanguage\":\"en-GB\"},{\"@type\":\"Organization\",\"@id\":\"https:\\\/\\\/bartaenergetika.com\\\/#organization\",\"name\":\"Barta Energetika\",\"url\":\"https:\\\/\\\/bartaenergetika.com\\\/\",\"logo\":{\"@type\":\"ImageObject\",\"inLanguage\":\"en-GB\",\"@id\":\"https:\\\/\\\/bartaenergetika.com\\\/#\\\/schema\\\/logo\\\/image\\\/\",\"url\":\"https:\\\/\\\/bartaenergetika.com\\\/wp-content\\\/uploads\\\/2025\\\/08\\\/cropped-Barta-Energetika-logo-magyar-1.png\",\"contentUrl\":\"https:\\\/\\\/bartaenergetika.com\\\/wp-content\\\/uploads\\\/2025\\\/08\\\/cropped-Barta-Energetika-logo-magyar-1.png\",\"width\":1230,\"height\":1298,\"caption\":\"Barta Energetika\"},\"image\":{\"@id\":\"https:\\\/\\\/bartaenergetika.com\\\/#\\\/schema\\\/logo\\\/image\\\/\"}}]}<\/script>\n<!-- \/ Yoast SEO plugin. -->","yoast_head_json":{"title":"Adatkezelesi - Barta Energetika","robots":{"index":"noindex","follow":"follow","max-snippet":"max-snippet:-1","max-image-preview":"max-image-preview:large","max-video-preview":"max-video-preview:-1"},"og_locale":"en_GB","og_type":"article","og_title":"Adatkezelesi - Barta Energetika","og_description":"1. Adatkezel\u0151 adatai Az adatkezel\u0151 felel az \u00d6n szem\u00e9lyes adatainak jogszer\u0171 \u00e9s \u00e1tl\u00e1that\u00f3 kezel\u00e9s\u00e9\u00e9rt. 2. T\u00e1rhelyszolg\u00e1ltat\u00f3 adatai 3. Az adatkezel\u00e9s c\u00e9ljai Az adatkezel\u00e9s c\u00e9lja, hogy biztos\u00edtsuk a weboldal m\u0171k\u00f6d\u00e9s\u00e9t \u00e9s szolg\u00e1ltat\u00e1saink ig\u00e9nybev\u00e9tel\u00e9t.F\u0151bb adatkezel\u00e9si c\u00e9lok: 4. Kezelt adatok k\u00f6re A kezelt szem\u00e9lyes adatok az al\u00e1bbiak lehetnek: 5. Az adatkezel\u00e9s jogalapja 6. Az adatkezel\u00e9s id\u0151tartama 7. Adattov\u00e1bb\u00edt\u00e1s, [&hellip;]","og_url":"https:\/\/bartaenergetika.com\/en\/adatkezelesi\/","og_site_name":"Barta Energetika","article_modified_time":"2025-09-05T10:12:05+00:00","twitter_card":"summary_large_image","schema":{"@context":"https:\/\/schema.org","@graph":[{"@type":"WebPage","@id":"https:\/\/bartaenergetika.com\/adatkezelesi\/","url":"https:\/\/bartaenergetika.com\/adatkezelesi\/","name":"Adatkezelesi - Barta Energetika","isPartOf":{"@id":"https:\/\/bartaenergetika.com\/#website"},"datePublished":"2025-09-05T07:09:43+00:00","dateModified":"2025-09-05T10:12:05+00:00","breadcrumb":{"@id":"https:\/\/bartaenergetika.com\/adatkezelesi\/#breadcrumb"},"inLanguage":"en-GB","potentialAction":[{"@type":"ReadAction","target":["https:\/\/bartaenergetika.com\/adatkezelesi\/"]}]},{"@type":"BreadcrumbList","@id":"https:\/\/bartaenergetika.com\/adatkezelesi\/#breadcrumb","itemListElement":[{"@type":"ListItem","position":1,"name":"Home","item":"https:\/\/bartaenergetika.com\/"},{"@type":"ListItem","position":2,"name":"Adatkezelesi"}]},{"@type":"WebSite","@id":"https:\/\/bartaenergetika.com\/#website","url":"https:\/\/bartaenergetika.com\/","name":"Barta Energetika","description":"Napelemek telep\u00edt\u00e9se \u00e9s teljes k\u00f6r\u0171 t\u00e1mogat\u00e1sa","publisher":{"@id":"https:\/\/bartaenergetika.com\/#organization"},"potentialAction":[{"@type":"SearchAction","target":{"@type":"EntryPoint","urlTemplate":"https:\/\/bartaenergetika.com\/?s={search_term_string}"},"query-input":{"@type":"PropertyValueSpecification","valueRequired":true,"valueName":"search_term_string"}}],"inLanguage":"en-GB"},{"@type":"Organization","@id":"https:\/\/bartaenergetika.com\/#organization","name":"Barta Energetika","url":"https:\/\/bartaenergetika.com\/","logo":{"@type":"ImageObject","inLanguage":"en-GB","@id":"https:\/\/bartaenergetika.com\/#\/schema\/logo\/image\/","url":"https:\/\/bartaenergetika.com\/wp-content\/uploads\/2025\/08\/cropped-Barta-Energetika-logo-magyar-1.png","contentUrl":"https:\/\/bartaenergetika.com\/wp-content\/uploads\/2025\/08\/cropped-Barta-Energetika-logo-magyar-1.png","width":1230,"height":1298,"caption":"Barta Energetika"},"image":{"@id":"https:\/\/bartaenergetika.com\/#\/schema\/logo\/image\/"}}]}},"_links":{"self":[{"href":"https:\/\/bartaenergetika.com\/en\/wp-json\/wp\/v2\/pages\/179","targetHints":{"allow":["GET"]}}],"collection":[{"href":"https:\/\/bartaenergetika.com\/en\/wp-json\/wp\/v2\/pages"}],"about":[{"href":"https:\/\/bartaenergetika.com\/en\/wp-json\/wp\/v2\/types\/page"}],"author":[{"embeddable":true,"href":"https:\/\/bartaenergetika.com\/en\/wp-json\/wp\/v2\/users\/1"}],"replies":[{"embeddable":true,"href":"https:\/\/bartaenergetika.com\/en\/wp-json\/wp\/v2\/comments?post=179"}],"version-history":[{"count":2,"href":"https:\/\/bartaenergetika.com\/en\/wp-json\/wp\/v2\/pages\/179\/revisions"}],"predecessor-version":[{"id":181,"href":"https:\/\/bartaenergetika.com\/en\/wp-json\/wp\/v2\/pages\/179\/revisions\/181"}],"wp:attachment":[{"href":"https:\/\/bartaenergetika.com\/en\/wp-json\/wp\/v2\/media?parent=179"}],"curies":[{"name":"wp","href":"https:\/\/api.w.org\/{rel}","templated":true}]}}