{"id":116,"date":"2025-08-27T20:28:47","date_gmt":"2025-08-27T20:28:47","guid":{"rendered":"https:\/\/bartaenergetika.com\/?page_id=116"},"modified":"2025-09-24T09:18:38","modified_gmt":"2025-09-24T09:18:38","slug":"kapcsolat","status":"publish","type":"page","link":"https:\/\/bartaenergetika.com\/en\/kapcsolat\/","title":{"rendered":"Kapcsolat"},"content":{"rendered":"<div data-elementor-type=\"wp-page\" data-elementor-id=\"116\" class=\"elementor elementor-116\" data-elementor-post-type=\"page\">\n\t\t\t\t<div class=\"elementor-element elementor-element-128ee767 e-flex e-con-boxed e-con e-parent\" data-id=\"128ee767\" data-element_type=\"container\" data-e-type=\"container\" data-settings=\"{&quot;background_background&quot;:&quot;classic&quot;}\">\n\t\t\t\t\t<div class=\"e-con-inner\">\n\t\t<div class=\"elementor-element elementor-element-74b4254b e-flex e-con-boxed e-con e-child\" data-id=\"74b4254b\" data-element_type=\"container\" data-e-type=\"container\">\n\t\t\t\t\t<div class=\"e-con-inner\">\n\t\t\t\t<div class=\"elementor-element elementor-element-3c767a66 elementor-invisible elementor-widget elementor-widget-heading\" data-id=\"3c767a66\" data-element_type=\"widget\" data-e-type=\"widget\" data-settings=\"{&quot;_animation&quot;:&quot;fadeInUp&quot;,&quot;_animation_delay&quot;:200}\" data-widget_type=\"heading.default\">\n\t\t\t\t<div class=\"elementor-widget-container\">\n\t\t\t\t\t<h1 class=\"elementor-heading-title elementor-size-default\">Kapcsolat<\/h1>\t\t\t\t<\/div>\n\t\t\t\t<\/div>\n\t\t\t\t<div class=\"elementor-element elementor-element-3a61f68e elementor-invisible elementor-widget elementor-widget-heading\" data-id=\"3a61f68e\" data-element_type=\"widget\" data-e-type=\"widget\" data-settings=\"{&quot;_animation&quot;:&quot;fadeInDown&quot;,&quot;_animation_delay&quot;:300}\" data-widget_type=\"heading.default\">\n\t\t\t\t<div class=\"elementor-widget-container\">\n\t\t\t\t\t<h4 class=\"elementor-heading-title elementor-size-default\">Sz\u00edvesen \u00e1llunk rendelkez\u00e9s\u00e9re minden k\u00e9rd\u00e9s\u00e9vel, illetve aj\u00e1nlatk\u00e9r\u00e9s\u00e9vel kapcsolatban.<\/h4>\t\t\t\t<\/div>\n\t\t\t\t<\/div>\n\t\t\t\t\t<\/div>\n\t\t\t\t<\/div>\n\t\t\t\t\t<\/div>\n\t\t\t\t<\/div>\n\t\t<div class=\"elementor-element elementor-element-4c58a1b2 e-flex e-con-boxed e-con e-parent\" data-id=\"4c58a1b2\" data-element_type=\"container\" data-e-type=\"container\">\n\t\t\t\t\t<div class=\"e-con-inner\">\n\t\t<div class=\"elementor-element elementor-element-7411b17e e-flex e-con-boxed e-con e-child\" data-id=\"7411b17e\" data-element_type=\"container\" data-e-type=\"container\">\n\t\t\t\t\t<div class=\"e-con-inner\">\n\t\t<div class=\"elementor-element elementor-element-48ff81f7 e-con-full e-flex elementor-invisible e-con e-child\" data-id=\"48ff81f7\" data-element_type=\"container\" data-e-type=\"container\" data-settings=\"{&quot;background_background&quot;:&quot;classic&quot;,&quot;animation&quot;:&quot;fadeInLeft&quot;}\">\n\t\t\t\t<div class=\"elementor-element elementor-element-71ce9fc6 elementor-widget elementor-widget-heading\" data-id=\"71ce9fc6\" data-element_type=\"widget\" data-e-type=\"widget\" data-widget_type=\"heading.default\">\n\t\t\t\t<div class=\"elementor-widget-container\">\n\t\t\t\t\t<h2 class=\"elementor-heading-title elementor-size-default\">Forduljon hozz\u00e1nk bizalommal, ak\u00e1r emailben!<\/h2>\t\t\t\t<\/div>\n\t\t\t\t<\/div>\n\t\t\t\t<div class=\"elementor-element elementor-element-61719d77 elementor-widget elementor-widget-text-editor\" data-id=\"61719d77\" data-element_type=\"widget\" data-e-type=\"widget\" data-widget_type=\"text-editor.default\">\n\t\t\t\t<div class=\"elementor-widget-container\">\n\t\t\t\t\t\t\t\t\t<p>\u00c1llunk rendelkez\u00e9s\u00e9re! L\u00e9pjen vel\u00fcnk kapcsolatba bizalommal!<\/p>\t\t\t\t\t\t\t\t<\/div>\n\t\t\t\t<\/div>\n\t\t\t\t<div class=\"elementor-element elementor-element-c4aa89e elementor-widget elementor-widget-html\" data-id=\"c4aa89e\" data-element_type=\"widget\" data-e-type=\"widget\" data-widget_type=\"html.default\">\n\t\t\t\t<div class=\"elementor-widget-container\">\n\t\t\t\t\t<iframe\n    src=\"https:\/\/api.flybuilt.hu\/widget\/form\/ZEpV7fX6Zbzr0mgcQxeS\"\n    style=\"width:100%;height:100%;border:none;border-radius:3px\"\n    id=\"inline-ZEpV7fX6Zbzr0mgcQxeS\"\n    data-layout=\"{'id':'INLINE'}\"\n    data-trigger-type=\"alwaysShow\"\n    data-trigger-value=\"\"\n    data-activation-type=\"alwaysActivated\"\n    data-activation-value=\"\"\n    data-deactivation-type=\"neverDeactivate\"\n    data-deactivation-value=\"\"\n    data-form-name=\" kapcsolatfelv\u00e9teli form \"\n    data-height=\"539\"\n    data-layout-iframe-id=\"inline-ZEpV7fX6Zbzr0mgcQxeS\"\n    data-form-id=\"ZEpV7fX6Zbzr0mgcQxeS\"\n    title=\" kapcsolatfelv\u00e9teli form \"\n        >\n<\/iframe>\n<script src=\"https:\/\/api.flybuilt.hu\/js\/form_embed.js\"><\/script>\t\t\t\t<\/div>\n\t\t\t\t<\/div>\n\t\t\t\t<\/div>\n\t\t<div class=\"elementor-element elementor-element-3dd155e5 e-con-full e-flex elementor-invisible e-con e-child\" data-id=\"3dd155e5\" data-element_type=\"container\" data-e-type=\"container\" data-settings=\"{&quot;background_background&quot;:&quot;classic&quot;,&quot;animation&quot;:&quot;fadeInRight&quot;}\">\n\t\t\t\t<div class=\"elementor-element elementor-element-73485e63 elementor-widget elementor-widget-heading\" data-id=\"73485e63\" data-element_type=\"widget\" data-e-type=\"widget\" data-widget_type=\"heading.default\">\n\t\t\t\t<div class=\"elementor-widget-container\">\n\t\t\t\t\t<h6 class=\"elementor-heading-title elementor-size-default\">El\u00e9rhet\u0151s\u00e9geink<\/h6>\t\t\t\t<\/div>\n\t\t\t\t<\/div>\n\t\t\t\t<div class=\"elementor-element elementor-element-6ce2a59b elementor-widget elementor-widget-heading\" data-id=\"6ce2a59b\" data-element_type=\"widget\" data-e-type=\"widget\" data-widget_type=\"heading.default\">\n\t\t\t\t<div class=\"elementor-widget-container\">\n\t\t\t\t\t<h3 class=\"elementor-heading-title elementor-size-default\">K\u00e9rd\u00e9seivel, \u00e9szrev\u00e9teleivel forduljon hozz\u00e1nk a lenti el\u00e9rhet\u0151s\u00e9geken. <\/h3>\t\t\t\t<\/div>\n\t\t\t\t<\/div>\n\t\t\t\t<div class=\"elementor-element elementor-element-1f90c1b4 elementor-widget-divider--view-line elementor-widget elementor-widget-divider\" data-id=\"1f90c1b4\" data-element_type=\"widget\" data-e-type=\"widget\" data-widget_type=\"divider.default\">\n\t\t\t\t<div class=\"elementor-widget-container\">\n\t\t\t\t\t\t\t<div class=\"elementor-divider\">\n\t\t\t<span class=\"elementor-divider-separator\">\n\t\t\t\t\t\t<\/span>\n\t\t<\/div>\n\t\t\t\t\t\t<\/div>\n\t\t\t\t<\/div>\n\t\t<div class=\"elementor-element elementor-element-74e97c29 e-flex e-con-boxed e-con e-child\" data-id=\"74e97c29\" data-element_type=\"container\" data-e-type=\"container\">\n\t\t\t\t\t<div class=\"e-con-inner\">\n\t\t\t\t<div class=\"elementor-element elementor-element-3f3cc1dd elementor-widget__width-auto elementor-view-default elementor-widget elementor-widget-icon\" data-id=\"3f3cc1dd\" data-element_type=\"widget\" data-e-type=\"widget\" data-widget_type=\"icon.default\">\n\t\t\t\t<div class=\"elementor-widget-container\">\n\t\t\t\t\t\t\t<div class=\"elementor-icon-wrapper\">\n\t\t\t<div class=\"elementor-icon\">\n\t\t\t<i aria-hidden=\"true\" class=\"mdi mdi-map-marker-outline\"><\/i>\t\t\t<\/div>\n\t\t<\/div>\n\t\t\t\t\t\t<\/div>\n\t\t\t\t<\/div>\n\t\t\t\t<div class=\"elementor-element elementor-element-5a1d85d0 elementor-widget__width-initial elementor-widget elementor-widget-icon-box\" data-id=\"5a1d85d0\" data-element_type=\"widget\" data-e-type=\"widget\" data-widget_type=\"icon-box.default\">\n\t\t\t\t<div class=\"elementor-widget-container\">\n\t\t\t\t\t\t\t<div class=\"elementor-icon-box-wrapper\">\n\n\t\t\t\n\t\t\t\t\t\t<div class=\"elementor-icon-box-content\">\n\n\t\t\t\t\t\t\t\t\t<div class=\"elementor-icon-box-title\">\n\t\t\t\t\t\t<span  >\n\t\t\t\t\t\t\tNeh\u00e9z Kriszti\u00e1n \u00c1kos\t\t\t\t\t\t<\/span>\n\t\t\t\t\t<\/div>\n\t\t\t\t\n\t\t\t\t\t\t\t\t\t<p class=\"elementor-icon-box-description\">\n\t\t\t\t\t\toffice@bartaenergetika.com <\/br>\n+36706762480\t\t\t\t\t<\/p>\n\t\t\t\t\n\t\t\t<\/div>\n\t\t\t\n\t\t<\/div>\n\t\t\t\t\t\t<\/div>\n\t\t\t\t<\/div>\n\t\t\t\t\t<\/div>\n\t\t\t\t<\/div>\n\t\t\t\t<div class=\"elementor-element elementor-element-7dab6852 elementor-widget-divider--view-line elementor-widget elementor-widget-divider\" data-id=\"7dab6852\" data-element_type=\"widget\" data-e-type=\"widget\" data-widget_type=\"divider.default\">\n\t\t\t\t<div class=\"elementor-widget-container\">\n\t\t\t\t\t\t\t<div class=\"elementor-divider\">\n\t\t\t<span class=\"elementor-divider-separator\">\n\t\t\t\t\t\t<\/span>\n\t\t<\/div>\n\t\t\t\t\t\t<\/div>\n\t\t\t\t<\/div>\n\t\t\t\t<div class=\"elementor-element elementor-element-477e7c9c elementor-widget elementor-widget-heading\" data-id=\"477e7c9c\" data-element_type=\"widget\" data-e-type=\"widget\" data-widget_type=\"heading.default\">\n\t\t\t\t<div class=\"elementor-widget-container\">\n\t\t\t\t\t<h4 class=\"elementor-heading-title elementor-size-default\">K\u00f6vess minket facebookon!<\/h4>\t\t\t\t<\/div>\n\t\t\t\t<\/div>\n\t\t\t\t<div class=\"elementor-element elementor-element-1bbba0ce elementor-shape-circle elementor-grid-0 elementor-widget elementor-widget-social-icons\" data-id=\"1bbba0ce\" data-element_type=\"widget\" data-e-type=\"widget\" data-widget_type=\"social-icons.default\">\n\t\t\t\t<div class=\"elementor-widget-container\">\n\t\t\t\t\t\t\t<div class=\"elementor-social-icons-wrapper elementor-grid\">\n\t\t\t\t\t\t\t<span class=\"elementor-grid-item\">\n\t\t\t\t\t<a class=\"elementor-icon elementor-social-icon elementor-social-icon-facebook-f elementor-animation-pop elementor-repeater-item-3ffc534\" target=\"_blank\">\n\t\t\t\t\t\t<span class=\"elementor-screen-only\">Facebook-f<\/span>\n\t\t\t\t\t\t<svg aria-hidden=\"true\" class=\"e-font-icon-svg e-fab-facebook-f\" viewbox=\"0 0 320 512\" xmlns=\"http:\/\/www.w3.org\/2000\/svg\"><path d=\"M279.14 288l14.22-92.66h-88.91v-60.13c0-25.35 12.42-50.06 52.24-50.06h40.42V6.26S260.43 0 225.36 0c-73.22 0-121.08 44.38-121.08 124.72v70.62H22.89V288h81.39v224h100.17V288z\"><\/path><\/svg>\t\t\t\t\t<\/a>\n\t\t\t\t<\/span>\n\t\t\t\t\t<\/div>\n\t\t\t\t\t\t<\/div>\n\t\t\t\t<\/div>\n\t\t\t\t<\/div>\n\t\t\t\t\t<\/div>\n\t\t\t\t<\/div>\n\t\t\t\t\t<\/div>\n\t\t\t\t<\/div>\n\t\t<div class=\"elementor-element elementor-element-54119165 e-con-full e-flex elementor-invisible e-con e-parent\" data-id=\"54119165\" data-element_type=\"container\" data-e-type=\"container\" data-settings=\"{&quot;animation&quot;:&quot;fadeIn&quot;,&quot;animation_delay&quot;:250}\">\n\t\t\t\t<div class=\"elementor-element elementor-element-158d7ab4 elementor-widget elementor-widget-google_maps\" data-id=\"158d7ab4\" data-element_type=\"widget\" data-e-type=\"widget\" data-widget_type=\"google_maps.default\">\n\t\t\t\t<div class=\"elementor-widget-container\">\n\t\t\t\t\t\t\t<div class=\"elementor-custom-embed\">\n\t\t\t<iframe loading=\"lazy\"\n\t\t\t\t\tsrc=\"https:\/\/maps.google.com\/maps?q=46%C2%B053%2742.0%22N%2018%C2%B003%2728.5%22E&#038;t=m&#038;z=14&#038;output=embed&#038;iwloc=near\"\n\t\t\t\t\ttitle=\"46\u00b053&#039;42.0&quot;N 18\u00b003&#039;28.5&quot;E\"\n\t\t\t\t\taria-label=\"46\u00b053&#039;42.0&quot;N 18\u00b003&#039;28.5&quot;E\"\n\t\t\t><\/iframe>\n\t\t<\/div>\n\t\t\t\t\t\t<\/div>\n\t\t\t\t<\/div>\n\t\t\t\t<\/div>\n\t\t\t\t<\/div>","protected":false},"excerpt":{"rendered":"<p>Sz\u00edvesen \u00e1llunk rendelkez\u00e9s\u00e9re minden k\u00e9rd\u00e9s\u00e9vel, illetve aj\u00e1nlatk\u00e9r\u00e9s\u00e9vel kapcsolatban. Forduljon hozz\u00e1nk bizalommal, ak\u00e1r emailben! \u00c1llunk rendelkez\u00e9s\u00e9re! L\u00e9pjen vel\u00fcnk kapcsolatba bizalommal! El\u00e9rhet\u0151s\u00e9geink K\u00e9rd\u00e9seivel, \u00e9szrev\u00e9teleivel forduljon hozz\u00e1nk a lenti el\u00e9rhet\u0151s\u00e9geken. Neh\u00e9z Kriszti\u00e1n \u00c1kos office@bartaenergetika.com +36706762480 K\u00f6vess minket facebookon! Facebook-f<\/p>","protected":false},"author":1,"featured_media":0,"parent":0,"menu_order":0,"comment_status":"closed","ping_status":"closed","template":"elementor_header_footer","meta":{"footnotes":""},"class_list":["post-116","page","type-page","status-publish","hentry"],"yoast_head":"<!-- This site is optimized with the Yoast SEO plugin v27.3 - https:\/\/yoast.com\/product\/yoast-seo-wordpress\/ -->\n<title>Kapcsolat - Barta Energetika<\/title>\n<meta name=\"robots\" content=\"noindex, follow, max-snippet:-1, max-image-preview:large, max-video-preview:-1\" \/>\n<meta property=\"og:locale\" content=\"en_GB\" \/>\n<meta property=\"og:type\" content=\"article\" \/>\n<meta property=\"og:title\" content=\"Kapcsolat - Barta Energetika\" \/>\n<meta property=\"og:description\" content=\"Sz\u00edvesen \u00e1llunk rendelkez\u00e9s\u00e9re minden k\u00e9rd\u00e9s\u00e9vel, illetve aj\u00e1nlatk\u00e9r\u00e9s\u00e9vel kapcsolatban. Forduljon hozz\u00e1nk bizalommal, ak\u00e1r emailben! \u00c1llunk rendelkez\u00e9s\u00e9re! L\u00e9pjen vel\u00fcnk kapcsolatba bizalommal! El\u00e9rhet\u0151s\u00e9geink K\u00e9rd\u00e9seivel, \u00e9szrev\u00e9teleivel forduljon hozz\u00e1nk a lenti el\u00e9rhet\u0151s\u00e9geken. Neh\u00e9z Kriszti\u00e1n \u00c1kos office@bartaenergetika.com +36706762480 K\u00f6vess minket facebookon! Facebook-f\" \/>\n<meta property=\"og:url\" content=\"https:\/\/bartaenergetika.com\/en\/kapcsolat\/\" \/>\n<meta property=\"og:site_name\" content=\"Barta Energetika\" \/>\n<meta property=\"article:modified_time\" content=\"2025-09-24T09:18:38+00:00\" \/>\n<meta name=\"twitter:card\" content=\"summary_large_image\" \/>\n<meta name=\"twitter:label1\" content=\"Estimated reading time\" \/>\n\t<meta name=\"twitter:data1\" content=\"1 minute\" \/>\n<script type=\"application\/ld+json\" class=\"yoast-schema-graph\">{\"@context\":\"https:\\\/\\\/schema.org\",\"@graph\":[{\"@type\":\"WebPage\",\"@id\":\"https:\\\/\\\/bartaenergetika.com\\\/kapcsolat\\\/\",\"url\":\"https:\\\/\\\/bartaenergetika.com\\\/kapcsolat\\\/\",\"name\":\"Kapcsolat - Barta Energetika\",\"isPartOf\":{\"@id\":\"https:\\\/\\\/bartaenergetika.com\\\/#website\"},\"datePublished\":\"2025-08-27T20:28:47+00:00\",\"dateModified\":\"2025-09-24T09:18:38+00:00\",\"breadcrumb\":{\"@id\":\"https:\\\/\\\/bartaenergetika.com\\\/kapcsolat\\\/#breadcrumb\"},\"inLanguage\":\"en-GB\",\"potentialAction\":[{\"@type\":\"ReadAction\",\"target\":[\"https:\\\/\\\/bartaenergetika.com\\\/kapcsolat\\\/\"]}]},{\"@type\":\"BreadcrumbList\",\"@id\":\"https:\\\/\\\/bartaenergetika.com\\\/kapcsolat\\\/#breadcrumb\",\"itemListElement\":[{\"@type\":\"ListItem\",\"position\":1,\"name\":\"Home\",\"item\":\"https:\\\/\\\/bartaenergetika.com\\\/\"},{\"@type\":\"ListItem\",\"position\":2,\"name\":\"Kapcsolat\"}]},{\"@type\":\"WebSite\",\"@id\":\"https:\\\/\\\/bartaenergetika.com\\\/#website\",\"url\":\"https:\\\/\\\/bartaenergetika.com\\\/\",\"name\":\"Barta Energetika\",\"description\":\"Napelemek telep\u00edt\u00e9se \u00e9s teljes k\u00f6r\u0171 t\u00e1mogat\u00e1sa\",\"publisher\":{\"@id\":\"https:\\\/\\\/bartaenergetika.com\\\/#organization\"},\"potentialAction\":[{\"@type\":\"SearchAction\",\"target\":{\"@type\":\"EntryPoint\",\"urlTemplate\":\"https:\\\/\\\/bartaenergetika.com\\\/?s={search_term_string}\"},\"query-input\":{\"@type\":\"PropertyValueSpecification\",\"valueRequired\":true,\"valueName\":\"search_term_string\"}}],\"inLanguage\":\"en-GB\"},{\"@type\":\"Organization\",\"@id\":\"https:\\\/\\\/bartaenergetika.com\\\/#organization\",\"name\":\"Barta Energetika\",\"url\":\"https:\\\/\\\/bartaenergetika.com\\\/\",\"logo\":{\"@type\":\"ImageObject\",\"inLanguage\":\"en-GB\",\"@id\":\"https:\\\/\\\/bartaenergetika.com\\\/#\\\/schema\\\/logo\\\/image\\\/\",\"url\":\"https:\\\/\\\/bartaenergetika.com\\\/wp-content\\\/uploads\\\/2025\\\/08\\\/cropped-Barta-Energetika-logo-magyar-1.png\",\"contentUrl\":\"https:\\\/\\\/bartaenergetika.com\\\/wp-content\\\/uploads\\\/2025\\\/08\\\/cropped-Barta-Energetika-logo-magyar-1.png\",\"width\":1230,\"height\":1298,\"caption\":\"Barta Energetika\"},\"image\":{\"@id\":\"https:\\\/\\\/bartaenergetika.com\\\/#\\\/schema\\\/logo\\\/image\\\/\"}}]}<\/script>\n<!-- \/ Yoast SEO plugin. -->","yoast_head_json":{"title":"Kapcsolat - Barta Energetika","robots":{"index":"noindex","follow":"follow","max-snippet":"max-snippet:-1","max-image-preview":"max-image-preview:large","max-video-preview":"max-video-preview:-1"},"og_locale":"en_GB","og_type":"article","og_title":"Kapcsolat - Barta Energetika","og_description":"Sz\u00edvesen \u00e1llunk rendelkez\u00e9s\u00e9re minden k\u00e9rd\u00e9s\u00e9vel, illetve aj\u00e1nlatk\u00e9r\u00e9s\u00e9vel kapcsolatban. Forduljon hozz\u00e1nk bizalommal, ak\u00e1r emailben! \u00c1llunk rendelkez\u00e9s\u00e9re! L\u00e9pjen vel\u00fcnk kapcsolatba bizalommal! El\u00e9rhet\u0151s\u00e9geink K\u00e9rd\u00e9seivel, \u00e9szrev\u00e9teleivel forduljon hozz\u00e1nk a lenti el\u00e9rhet\u0151s\u00e9geken. Neh\u00e9z Kriszti\u00e1n \u00c1kos office@bartaenergetika.com +36706762480 K\u00f6vess minket facebookon! Facebook-f","og_url":"https:\/\/bartaenergetika.com\/en\/kapcsolat\/","og_site_name":"Barta Energetika","article_modified_time":"2025-09-24T09:18:38+00:00","twitter_card":"summary_large_image","twitter_misc":{"Estimated reading time":"1 minute"},"schema":{"@context":"https:\/\/schema.org","@graph":[{"@type":"WebPage","@id":"https:\/\/bartaenergetika.com\/kapcsolat\/","url":"https:\/\/bartaenergetika.com\/kapcsolat\/","name":"Kapcsolat - Barta Energetika","isPartOf":{"@id":"https:\/\/bartaenergetika.com\/#website"},"datePublished":"2025-08-27T20:28:47+00:00","dateModified":"2025-09-24T09:18:38+00:00","breadcrumb":{"@id":"https:\/\/bartaenergetika.com\/kapcsolat\/#breadcrumb"},"inLanguage":"en-GB","potentialAction":[{"@type":"ReadAction","target":["https:\/\/bartaenergetika.com\/kapcsolat\/"]}]},{"@type":"BreadcrumbList","@id":"https:\/\/bartaenergetika.com\/kapcsolat\/#breadcrumb","itemListElement":[{"@type":"ListItem","position":1,"name":"Home","item":"https:\/\/bartaenergetika.com\/"},{"@type":"ListItem","position":2,"name":"Kapcsolat"}]},{"@type":"WebSite","@id":"https:\/\/bartaenergetika.com\/#website","url":"https:\/\/bartaenergetika.com\/","name":"Barta Energetika","description":"Napelemek telep\u00edt\u00e9se \u00e9s teljes k\u00f6r\u0171 t\u00e1mogat\u00e1sa","publisher":{"@id":"https:\/\/bartaenergetika.com\/#organization"},"potentialAction":[{"@type":"SearchAction","target":{"@type":"EntryPoint","urlTemplate":"https:\/\/bartaenergetika.com\/?s={search_term_string}"},"query-input":{"@type":"PropertyValueSpecification","valueRequired":true,"valueName":"search_term_string"}}],"inLanguage":"en-GB"},{"@type":"Organization","@id":"https:\/\/bartaenergetika.com\/#organization","name":"Barta Energetika","url":"https:\/\/bartaenergetika.com\/","logo":{"@type":"ImageObject","inLanguage":"en-GB","@id":"https:\/\/bartaenergetika.com\/#\/schema\/logo\/image\/","url":"https:\/\/bartaenergetika.com\/wp-content\/uploads\/2025\/08\/cropped-Barta-Energetika-logo-magyar-1.png","contentUrl":"https:\/\/bartaenergetika.com\/wp-content\/uploads\/2025\/08\/cropped-Barta-Energetika-logo-magyar-1.png","width":1230,"height":1298,"caption":"Barta Energetika"},"image":{"@id":"https:\/\/bartaenergetika.com\/#\/schema\/logo\/image\/"}}]}},"_links":{"self":[{"href":"https:\/\/bartaenergetika.com\/en\/wp-json\/wp\/v2\/pages\/116","targetHints":{"allow":["GET"]}}],"collection":[{"href":"https:\/\/bartaenergetika.com\/en\/wp-json\/wp\/v2\/pages"}],"about":[{"href":"https:\/\/bartaenergetika.com\/en\/wp-json\/wp\/v2\/types\/page"}],"author":[{"embeddable":true,"href":"https:\/\/bartaenergetika.com\/en\/wp-json\/wp\/v2\/users\/1"}],"replies":[{"embeddable":true,"href":"https:\/\/bartaenergetika.com\/en\/wp-json\/wp\/v2\/comments?post=116"}],"version-history":[{"count":22,"href":"https:\/\/bartaenergetika.com\/en\/wp-json\/wp\/v2\/pages\/116\/revisions"}],"predecessor-version":[{"id":546,"href":"https:\/\/bartaenergetika.com\/en\/wp-json\/wp\/v2\/pages\/116\/revisions\/546"}],"wp:attachment":[{"href":"https:\/\/bartaenergetika.com\/en\/wp-json\/wp\/v2\/media?parent=116"}],"curies":[{"name":"wp","href":"https:\/\/api.w.org\/{rel}","templated":true}]}}